{"id":1334,"date":"2021-04-30T14:24:18","date_gmt":"2021-04-30T19:24:18","guid":{"rendered":"https:\/\/www.wanderbusecuador.com\/?page_id=1334"},"modified":"2026-01-28T10:59:46","modified_gmt":"2026-01-28T15:59:46","slug":"acerca-de-wanderbus","status":"publish","type":"page","link":"https:\/\/wanderbusecuador.com\/es\/acerca-de-wanderbus\/","title":{"rendered":"Acerca de Wanderbus"},"content":{"rendered":"\t\t<div data-elementor-type=\"wp-page\" data-elementor-id=\"1334\" class=\"elementor elementor-1334\">\n\t\t\t\t\t\t<div class=\"elementor-inner\">\n\t\t\t\t<div class=\"elementor-section-wrap\">\n\t\t\t\t\t\t\t\t\t<section class=\"elementor-section elementor-top-section elementor-element elementor-element-c50838b elementor-section-height-full elementor-section-boxed elementor-section-height-default elementor-section-items-middle\" data-id=\"c50838b\" data-element_type=\"section\" data-settings=\"{&quot;background_background&quot;:&quot;classic&quot;}\">\n\t\t\t\t\t\t\t<div class=\"elementor-background-overlay\"><\/div>\n\t\t\t\t\t\t\t<div class=\"elementor-container elementor-column-gap-default\">\n\t\t\t\t\t\t\t<div class=\"elementor-row\">\n\t\t\t\t\t<div class=\"elementor-column elementor-col-33 elementor-top-column elementor-element elementor-element-2f84d6d\" data-id=\"2f84d6d\" data-element_type=\"column\">\n\t\t\t<div class=\"elementor-column-wrap\">\n\t\t\t\t\t\t\t<div class=\"elementor-widget-wrap\">\n\t\t\t\t\t\t\t\t<\/div>\n\t\t\t\t\t<\/div>\n\t\t<\/div>\n\t\t\t\t<div class=\"elementor-column elementor-col-33 elementor-top-column elementor-element elementor-element-55b0429\" data-id=\"55b0429\" data-element_type=\"column\">\n\t\t\t<div class=\"elementor-column-wrap elementor-element-populated\">\n\t\t\t\t\t\t\t<div class=\"elementor-widget-wrap\">\n\t\t\t\t\t\t<div class=\"elementor-element elementor-element-453e782 elementor-widget elementor-widget-heading\" data-id=\"453e782\" data-element_type=\"widget\" data-widget_type=\"heading.default\">\n\t\t\t\t<div class=\"elementor-widget-container\">\n\t\t\t<h1 class=\"elementor-heading-title elementor-size-default\">Acerca de Wanderbus<\/h1>\t\t<\/div>\n\t\t\t\t<\/div>\n\t\t\t\t<div class=\"elementor-element elementor-element-92570e2 elementor-widget-divider--view-line elementor-widget elementor-widget-divider\" data-id=\"92570e2\" data-element_type=\"widget\" data-widget_type=\"divider.default\">\n\t\t\t\t<div class=\"elementor-widget-container\">\n\t\t\t\t\t<div class=\"elementor-divider\">\n\t\t\t<span class=\"elementor-divider-separator\">\n\t\t\t\t\t\t<\/span>\n\t\t<\/div>\n\t\t\t\t<\/div>\n\t\t\t\t<\/div>\n\t\t\t\t<div class=\"elementor-element elementor-element-3428592 elementor-widget elementor-widget-heading\" data-id=\"3428592\" data-element_type=\"widget\" data-widget_type=\"heading.default\">\n\t\t\t\t<div class=\"elementor-widget-container\">\n\t\t\t<h3 class=\"elementor-heading-title elementor-size-default\">Un equipo de expertos detr\u00e1s de cada viaje<\/h3>\t\t<\/div>\n\t\t\t\t<\/div>\n\t\t\t\t\t\t<\/div>\n\t\t\t\t\t<\/div>\n\t\t<\/div>\n\t\t\t\t<div class=\"elementor-column elementor-col-33 elementor-top-column elementor-element elementor-element-79b148e\" data-id=\"79b148e\" data-element_type=\"column\">\n\t\t\t<div class=\"elementor-column-wrap\">\n\t\t\t\t\t\t\t<div class=\"elementor-widget-wrap\">\n\t\t\t\t\t\t\t\t<\/div>\n\t\t\t\t\t<\/div>\n\t\t<\/div>\n\t\t\t\t\t\t\t\t<\/div>\n\t\t\t\t\t<\/div>\n\t\t<\/section>\n\t\t\t\t<section class=\"elementor-section elementor-top-section elementor-element elementor-element-b660a39 elementor-section-boxed elementor-section-height-default elementor-section-height-default\" data-id=\"b660a39\" data-element_type=\"section\" data-settings=\"{&quot;background_background&quot;:&quot;classic&quot;}\">\n\t\t\t\t\t\t<div class=\"elementor-container elementor-column-gap-default\">\n\t\t\t\t\t\t\t<div class=\"elementor-row\">\n\t\t\t\t\t<div class=\"elementor-column elementor-col-25 elementor-top-column elementor-element elementor-element-21ddccc\" data-id=\"21ddccc\" data-element_type=\"column\">\n\t\t\t<div class=\"elementor-column-wrap\">\n\t\t\t\t\t\t\t<div class=\"elementor-widget-wrap\">\n\t\t\t\t\t\t\t\t<\/div>\n\t\t\t\t\t<\/div>\n\t\t<\/div>\n\t\t\t\t<div class=\"elementor-column elementor-col-50 elementor-top-column elementor-element elementor-element-89dc743\" data-id=\"89dc743\" data-element_type=\"column\" data-settings=\"{&quot;background_background&quot;:&quot;classic&quot;}\">\n\t\t\t<div class=\"elementor-column-wrap elementor-element-populated\">\n\t\t\t\t\t\t\t<div class=\"elementor-widget-wrap\">\n\t\t\t\t\t\t<div class=\"elementor-element elementor-element-7ed5c9a elementor-widget elementor-widget-heading\" data-id=\"7ed5c9a\" data-element_type=\"widget\" data-widget_type=\"heading.default\">\n\t\t\t\t<div class=\"elementor-widget-container\">\n\t\t\t<h2 class=\"elementor-heading-title elementor-size-default\">Hemos dise\u00f1ado las mejores rutas por Ecuador<\/h2>\t\t<\/div>\n\t\t\t\t<\/div>\n\t\t\t\t<div class=\"elementor-element elementor-element-caf0087 elementor-widget-divider--view-line elementor-widget elementor-widget-divider\" data-id=\"caf0087\" data-element_type=\"widget\" data-widget_type=\"divider.default\">\n\t\t\t\t<div class=\"elementor-widget-container\">\n\t\t\t\t\t<div class=\"elementor-divider\">\n\t\t\t<span class=\"elementor-divider-separator\">\n\t\t\t\t\t\t<\/span>\n\t\t<\/div>\n\t\t\t\t<\/div>\n\t\t\t\t<\/div>\n\t\t\t\t<div class=\"elementor-element elementor-element-ff23452 elementor-widget elementor-widget-text-editor\" data-id=\"ff23452\" data-element_type=\"widget\" data-widget_type=\"text-editor.default\">\n\t\t\t\t<div class=\"elementor-widget-container\">\n\t\t\t\t\t\t\t\t<div class=\"elementor-text-editor elementor-clearfix\">\n\t\t\t\t<p><b>Wanderbus Ecuador <\/b>naci\u00f3 de la mano de un equipo de expertos en viajes, mentes innovadoras que buscaban soluciones para problemas que otros ni siquiera hab\u00edan detectado todav\u00eda.<\/p><p>Nosotros somos ecuatorianos de nacimiento. Compartimos la misma pasi\u00f3n por <span data-path-to-node=\"1,0\" data-index-in-node=\"139\">cada <\/span><b data-path-to-node=\"1,0\" data-index-in-node=\"139\">rinc\u00f3n m\u00e1gico de nuestro Ecuador<\/b> y el deseo de abrir las puertas de sus <b data-path-to-node=\"1,0\" data-index-in-node=\"216\">tesoros m\u00e1s ocultos y salvajes<\/b> a viajeros aventureros como t\u00fa.<\/p><p>Y as\u00ed naci\u00f3 <b>Wanderbus<\/b>, para hacerlo realidad.<\/p><p>En nuestro equipo encontrar\u00e1s desde <b data-path-to-node=\"1,0\" data-index-in-node=\"37\">contadores de historias<\/b> que han recorrido cada rinc\u00f3n del pa\u00eds en busca de relatos asombrosos para contar al mundo, hasta <b data-path-to-node=\"1,0\" data-index-in-node=\"159\">magos de la log\u00edstica<\/b> que simplemente saben c\u00f3mo hacer que todo funcione a la <b>perfecci\u00f3n<\/b>.<\/p><p>Al fusionar nuestras aventuras por el mundo con nuestra experiencia en distintas \u00e1reas profesionales, creamos la forma ideal de compartir el\u00a0<span style=\"font-size: 16px; font-style: normal; font-weight: bold;\">majestuoso<\/span><span style=\"font-size: 16px;\">\u00a0<\/span><b style=\"font-style: inherit;\">Ecuador<\/b><span style=\"font-size: 16px;\">\u00a0que tanto amamos con otros viajeros apasionados.<\/span><\/p>\t\t\t\t\t<\/div>\n\t\t\t\t\t\t<\/div>\n\t\t\t\t<\/div>\n\t\t\t\t<div class=\"elementor-element elementor-element-4db1725 elementor-widget elementor-widget-image\" data-id=\"4db1725\" data-element_type=\"widget\" data-widget_type=\"image.default\">\n\t\t\t\t<div class=\"elementor-widget-container\">\n\t\t\t\t\t\t\t\t<div class=\"elementor-image\">\n\t\t\t\t\t\t\t\t\t\t\t\t<img loading=\"lazy\" decoding=\"async\" width=\"768\" height=\"401\" src=\"https:\/\/wanderbusecuador.com\/es\/wp-content\/uploads\/2021\/02\/wander-choice-768x401.jpg\" class=\"attachment-medium_large size-medium_large\" alt=\"\" srcset=\"https:\/\/wanderbusecuador.com\/es\/wp-content\/uploads\/2021\/02\/wander-choice-768x401.jpg 768w, https:\/\/wanderbusecuador.com\/es\/wp-content\/uploads\/2021\/02\/wander-choice-300x157.jpg 300w, https:\/\/wanderbusecuador.com\/es\/wp-content\/uploads\/2021\/02\/wander-choice.jpg 900w\" sizes=\"auto, (max-width: 768px) 100vw, 768px\" \/>\t\t\t\t\t\t\t\t\t\t\t\t\t\t<\/div>\n\t\t\t\t\t\t<\/div>\n\t\t\t\t<\/div>\n\t\t\t\t<section class=\"elementor-section elementor-inner-section elementor-element elementor-element-89cecc7 elementor-section-boxed elementor-section-height-default elementor-section-height-default\" data-id=\"89cecc7\" data-element_type=\"section\">\n\t\t\t\t\t\t<div class=\"elementor-container elementor-column-gap-default\">\n\t\t\t\t\t\t\t<div class=\"elementor-row\">\n\t\t\t\t\t<div class=\"elementor-column elementor-col-100 elementor-inner-column elementor-element elementor-element-00838a8\" data-id=\"00838a8\" data-element_type=\"column\">\n\t\t\t<div class=\"elementor-column-wrap elementor-element-populated\">\n\t\t\t\t\t\t\t<div class=\"elementor-widget-wrap\">\n\t\t\t\t\t\t<div class=\"elementor-element elementor-element-a165851 elementor-widget elementor-widget-text-editor\" data-id=\"a165851\" data-element_type=\"widget\" data-widget_type=\"text-editor.default\">\n\t\t\t\t<div class=\"elementor-widget-container\">\n\t\t\t\t\t\t\t\t<div class=\"elementor-text-editor elementor-clearfix\">\n\t\t\t\t<p>La huella que dejamos en nuestro entorno y en las comunidades que visitamos es&nbsp;un pilar fundamental de la visi\u00f3n de Wanderbus.<\/p>\n<p>Por eso, por cada 20 pasajeros que suben a bordo, invitamos a un <b>estudiante de turismo<\/b> a unirse al viaje. Es nuestra forma de <b>darles la oportunidad<\/b> de practicar su ingl\u00e9s y redescubrir la belleza de su propio pa\u00eds. Adem\u00e1s, tendr\u00e1s la oportunidad de <b>compartir la mesa con las comunidades locales<\/b>, conociendo e intercambiando ideas con ecuatorianos de verdad.<\/p>\n<p><b data-path-to-node=\"4,2\" data-index-in-node=\"0\">\u00bfQuieres dejar tu propia huella?<\/b>&nbsp;<\/p>\n<p>Sum\u00e9rgete en la <b>rica cultura local<\/b>, descubre nuevas formas de pensar y comparte tus propias experiencias a trav\u00e9s de nuestro programa de voluntariado. <b>Cont\u00e1ctanos<\/b> para m\u00e1s informaci\u00f3n.<\/p>\n<h3>TU SEGURIDAD ES NUESTRA PRIORIDAD<\/h3>\n<p><b>Nuestro historial de seguridad<\/b> es una de las razones principales por las que los viajeros nos&nbsp;<b>eligen<\/b>. Sabemos que la seguridad es una preocupaci\u00f3n real al recorrer pa\u00edses desconocidos, especialmente en Ecuador, donde el transporte p\u00fablico lamentablemente tiene un mal historial en accidentes y peque\u00f1os robos.<\/p>\n<p>Por eso, nosotros solo <b>utilizamos buses nuevos<\/b> y realizamos controles de mantenimiento cada semana. Todos nuestros conductores pasan por una<b> rigurosa verificaci\u00f3n de antecedentes<\/b> y est\u00e1n&nbsp; estrictamente&nbsp;<b>certificados<\/b>. Esto es vital para <b>tu tranquilidad<\/b><\/p>\t\t\t\t\t<\/div>\n\t\t\t\t\t\t<\/div>\n\t\t\t\t<\/div>\n\t\t\t\t\t\t<\/div>\n\t\t\t\t\t<\/div>\n\t\t<\/div>\n\t\t\t\t\t\t\t\t<\/div>\n\t\t\t\t\t<\/div>\n\t\t<\/section>\n\t\t\t\t\t\t<\/div>\n\t\t\t\t\t<\/div>\n\t\t<\/div>\n\t\t\t\t<div class=\"elementor-column elementor-col-25 elementor-top-column elementor-element elementor-element-0de8cac\" data-id=\"0de8cac\" data-element_type=\"column\">\n\t\t\t<div class=\"elementor-column-wrap\">\n\t\t\t\t\t\t\t<div class=\"elementor-widget-wrap\">\n\t\t\t\t\t\t\t\t<\/div>\n\t\t\t\t\t<\/div>\n\t\t<\/div>\n\t\t\t\t\t\t\t\t<\/div>\n\t\t\t\t\t<\/div>\n\t\t<\/section>\n\t\t\t\t\t\t\t\t\t<\/div>\n\t\t\t<\/div>\n\t\t\t\t\t<\/div>\n\t\t","protected":false},"excerpt":{"rendered":"<p>Acerca de Wanderbus Un equipo de expertos detr\u00e1s de cada viaje Hemos dise\u00f1ado las mejores rutas por Ecuador Wanderbus Ecuador naci\u00f3 de la mano de un equipo de expertos en viajes, mentes innovadoras que buscaban soluciones para problemas que otros ni siquiera hab\u00edan detectado todav\u00eda. Nosotros somos ecuatorianos de nacimiento. Compartimos la misma pasi\u00f3n por &hellip;<\/p>\n<p class=\"read-more\"> <a class=\"\" href=\"https:\/\/wanderbusecuador.com\/es\/acerca-de-wanderbus\/\"> <span class=\"screen-reader-text\">Acerca de Wanderbus<\/span> Read More \u00bb<\/a><\/p>\n","protected":false},"author":1,"featured_media":0,"parent":0,"menu_order":0,"comment_status":"closed","ping_status":"closed","template":"","meta":{"content-type":"","_uag_custom_page_level_css":"","site-sidebar-layout":"no-sidebar","site-content-layout":"page-builder","ast-global-header-display":"","ast-main-header-display":"","ast-hfb-above-header-display":"","ast-hfb-below-header-display":"","ast-hfb-mobile-header-display":"","site-post-title":"disabled","ast-breadcrumbs-content":"","ast-featured-img":"disabled","footer-sml-layout":"","theme-transparent-header-meta":"enabled","adv-header-id-meta":"","stick-header-meta":"","header-above-stick-meta":"","header-main-stick-meta":"","header-below-stick-meta":"","footnotes":""},"class_list":["post-1334","page","type-page","status-publish","hentry"],"yoast_head":"<!-- This site is optimized with the Yoast SEO plugin v26.2 - https:\/\/yoast.com\/wordpress\/plugins\/seo\/ -->\n<title>Acerca de Wanderbus Ecuador<\/title>\n<meta name=\"description\" content=\"Wanderbus muestra el esp\u00edritu del Ecuador que amamos. No solo somos un transporte, somos una visi\u00f3n del viaje consciente y apasionado.\" \/>\n<meta name=\"robots\" content=\"index, follow, max-snippet:-1, max-image-preview:large, max-video-preview:-1\" \/>\n<link rel=\"canonical\" href=\"https:\/\/wanderbusecuador.com\/es\/acerca-de-wanderbus\/\" \/>\n<meta property=\"og:locale\" content=\"es_ES\" \/>\n<meta property=\"og:type\" content=\"article\" \/>\n<meta property=\"og:title\" content=\"Acerca de Wanderbus Ecuador\" \/>\n<meta property=\"og:description\" content=\"Wanderbus muestra el esp\u00edritu del Ecuador que amamos. No solo somos un transporte, somos una visi\u00f3n del viaje consciente y apasionado.\" \/>\n<meta property=\"og:url\" content=\"https:\/\/wanderbusecuador.com\/es\/acerca-de-wanderbus\/\" \/>\n<meta property=\"og:site_name\" content=\"Wanderbus Ecuador\" \/>\n<meta property=\"article:publisher\" content=\"https:\/\/www.facebook.com\/wanderbusecuador\" \/>\n<meta property=\"article:modified_time\" content=\"2026-01-28T15:59:46+00:00\" \/>\n<meta property=\"og:image\" content=\"https:\/\/wanderbusecuador.com\/es\/wp-content\/uploads\/2021\/02\/wander-choice-768x401.jpg\" \/>\n<meta name=\"twitter:card\" content=\"summary_large_image\" \/>\n<meta name=\"twitter:label1\" content=\"Tiempo de lectura\" \/>\n\t<meta name=\"twitter:data1\" content=\"2 minutos\" \/>\n<script type=\"application\/ld+json\" class=\"yoast-schema-graph\">{\"@context\":\"https:\/\/schema.org\",\"@graph\":[{\"@type\":\"WebPage\",\"@id\":\"https:\/\/wanderbusecuador.com\/es\/acerca-de-wanderbus\/\",\"url\":\"https:\/\/wanderbusecuador.com\/es\/acerca-de-wanderbus\/\",\"name\":\"Acerca de Wanderbus Ecuador\",\"isPartOf\":{\"@id\":\"https:\/\/wanderbusecuador.com\/es\/#website\"},\"primaryImageOfPage\":{\"@id\":\"https:\/\/wanderbusecuador.com\/es\/acerca-de-wanderbus\/#primaryimage\"},\"image\":{\"@id\":\"https:\/\/wanderbusecuador.com\/es\/acerca-de-wanderbus\/#primaryimage\"},\"thumbnailUrl\":\"https:\/\/wanderbusecuador.com\/es\/wp-content\/uploads\/2021\/02\/wander-choice-768x401.jpg\",\"datePublished\":\"2021-04-30T19:24:18+00:00\",\"dateModified\":\"2026-01-28T15:59:46+00:00\",\"description\":\"Wanderbus muestra el esp\u00edritu del Ecuador que amamos. No solo somos un transporte, somos una visi\u00f3n del viaje consciente y apasionado.\",\"breadcrumb\":{\"@id\":\"https:\/\/wanderbusecuador.com\/es\/acerca-de-wanderbus\/#breadcrumb\"},\"inLanguage\":\"es\",\"potentialAction\":[{\"@type\":\"ReadAction\",\"target\":[\"https:\/\/wanderbusecuador.com\/es\/acerca-de-wanderbus\/\"]}]},{\"@type\":\"ImageObject\",\"inLanguage\":\"es\",\"@id\":\"https:\/\/wanderbusecuador.com\/es\/acerca-de-wanderbus\/#primaryimage\",\"url\":\"https:\/\/wanderbusecuador.com\/es\/wp-content\/uploads\/2021\/02\/wander-choice.jpg\",\"contentUrl\":\"https:\/\/wanderbusecuador.com\/es\/wp-content\/uploads\/2021\/02\/wander-choice.jpg\",\"width\":900,\"height\":470},{\"@type\":\"BreadcrumbList\",\"@id\":\"https:\/\/wanderbusecuador.com\/es\/acerca-de-wanderbus\/#breadcrumb\",\"itemListElement\":[{\"@type\":\"ListItem\",\"position\":1,\"name\":\"Incio\",\"item\":\"https:\/\/wanderbusecuador.com\/es\/\"},{\"@type\":\"ListItem\",\"position\":2,\"name\":\"Acerca de Wanderbus\"}]},{\"@type\":\"WebSite\",\"@id\":\"https:\/\/wanderbusecuador.com\/es\/#website\",\"url\":\"https:\/\/wanderbusecuador.com\/es\/\",\"name\":\"Wanderbus Ecuador\",\"description\":\"Ecuador Flexible Tours: Go where no one else goes\",\"publisher\":{\"@id\":\"https:\/\/wanderbusecuador.com\/es\/#organization\"},\"potentialAction\":[{\"@type\":\"SearchAction\",\"target\":{\"@type\":\"EntryPoint\",\"urlTemplate\":\"https:\/\/wanderbusecuador.com\/es\/?s={search_term_string}\"},\"query-input\":{\"@type\":\"PropertyValueSpecification\",\"valueRequired\":true,\"valueName\":\"search_term_string\"}}],\"inLanguage\":\"es\"},{\"@type\":\"Organization\",\"@id\":\"https:\/\/wanderbusecuador.com\/es\/#organization\",\"name\":\"Wanderbus Ecuador\",\"url\":\"https:\/\/wanderbusecuador.com\/es\/\",\"logo\":{\"@type\":\"ImageObject\",\"inLanguage\":\"es\",\"@id\":\"https:\/\/wanderbusecuador.com\/es\/#\/schema\/logo\/image\/\",\"url\":\"https:\/\/wanderbusecuador.com\/es\/wp-content\/uploads\/2021\/07\/logo-wb-red.svg\",\"contentUrl\":\"https:\/\/wanderbusecuador.com\/es\/wp-content\/uploads\/2021\/07\/logo-wb-red.svg\",\"caption\":\"Wanderbus Ecuador\"},\"image\":{\"@id\":\"https:\/\/wanderbusecuador.com\/es\/#\/schema\/logo\/image\/\"},\"sameAs\":[\"https:\/\/www.facebook.com\/wanderbusecuador\",\"https:\/\/www.instagram.com\/wanderbusecuador\/?igsh=MWhlcXI2dW9kNGZtbw\"]}]}<\/script>\n<!-- \/ Yoast SEO plugin. -->","yoast_head_json":{"title":"Acerca de Wanderbus Ecuador","description":"Wanderbus muestra el esp\u00edritu del Ecuador que amamos. No solo somos un transporte, somos una visi\u00f3n del viaje consciente y apasionado.","robots":{"index":"index","follow":"follow","max-snippet":"max-snippet:-1","max-image-preview":"max-image-preview:large","max-video-preview":"max-video-preview:-1"},"canonical":"https:\/\/wanderbusecuador.com\/es\/acerca-de-wanderbus\/","og_locale":"es_ES","og_type":"article","og_title":"Acerca de Wanderbus Ecuador","og_description":"Wanderbus muestra el esp\u00edritu del Ecuador que amamos. No solo somos un transporte, somos una visi\u00f3n del viaje consciente y apasionado.","og_url":"https:\/\/wanderbusecuador.com\/es\/acerca-de-wanderbus\/","og_site_name":"Wanderbus Ecuador","article_publisher":"https:\/\/www.facebook.com\/wanderbusecuador","article_modified_time":"2026-01-28T15:59:46+00:00","og_image":[{"url":"https:\/\/wanderbusecuador.com\/es\/wp-content\/uploads\/2021\/02\/wander-choice-768x401.jpg","type":"","width":"","height":""}],"twitter_card":"summary_large_image","twitter_misc":{"Tiempo de lectura":"2 minutos"},"schema":{"@context":"https:\/\/schema.org","@graph":[{"@type":"WebPage","@id":"https:\/\/wanderbusecuador.com\/es\/acerca-de-wanderbus\/","url":"https:\/\/wanderbusecuador.com\/es\/acerca-de-wanderbus\/","name":"Acerca de Wanderbus Ecuador","isPartOf":{"@id":"https:\/\/wanderbusecuador.com\/es\/#website"},"primaryImageOfPage":{"@id":"https:\/\/wanderbusecuador.com\/es\/acerca-de-wanderbus\/#primaryimage"},"image":{"@id":"https:\/\/wanderbusecuador.com\/es\/acerca-de-wanderbus\/#primaryimage"},"thumbnailUrl":"https:\/\/wanderbusecuador.com\/es\/wp-content\/uploads\/2021\/02\/wander-choice-768x401.jpg","datePublished":"2021-04-30T19:24:18+00:00","dateModified":"2026-01-28T15:59:46+00:00","description":"Wanderbus muestra el esp\u00edritu del Ecuador que amamos. No solo somos un transporte, somos una visi\u00f3n del viaje consciente y apasionado.","breadcrumb":{"@id":"https:\/\/wanderbusecuador.com\/es\/acerca-de-wanderbus\/#breadcrumb"},"inLanguage":"es","potentialAction":[{"@type":"ReadAction","target":["https:\/\/wanderbusecuador.com\/es\/acerca-de-wanderbus\/"]}]},{"@type":"ImageObject","inLanguage":"es","@id":"https:\/\/wanderbusecuador.com\/es\/acerca-de-wanderbus\/#primaryimage","url":"https:\/\/wanderbusecuador.com\/es\/wp-content\/uploads\/2021\/02\/wander-choice.jpg","contentUrl":"https:\/\/wanderbusecuador.com\/es\/wp-content\/uploads\/2021\/02\/wander-choice.jpg","width":900,"height":470},{"@type":"BreadcrumbList","@id":"https:\/\/wanderbusecuador.com\/es\/acerca-de-wanderbus\/#breadcrumb","itemListElement":[{"@type":"ListItem","position":1,"name":"Incio","item":"https:\/\/wanderbusecuador.com\/es\/"},{"@type":"ListItem","position":2,"name":"Acerca de Wanderbus"}]},{"@type":"WebSite","@id":"https:\/\/wanderbusecuador.com\/es\/#website","url":"https:\/\/wanderbusecuador.com\/es\/","name":"Wanderbus Ecuador","description":"Ecuador Flexible Tours: Go where no one else goes","publisher":{"@id":"https:\/\/wanderbusecuador.com\/es\/#organization"},"potentialAction":[{"@type":"SearchAction","target":{"@type":"EntryPoint","urlTemplate":"https:\/\/wanderbusecuador.com\/es\/?s={search_term_string}"},"query-input":{"@type":"PropertyValueSpecification","valueRequired":true,"valueName":"search_term_string"}}],"inLanguage":"es"},{"@type":"Organization","@id":"https:\/\/wanderbusecuador.com\/es\/#organization","name":"Wanderbus Ecuador","url":"https:\/\/wanderbusecuador.com\/es\/","logo":{"@type":"ImageObject","inLanguage":"es","@id":"https:\/\/wanderbusecuador.com\/es\/#\/schema\/logo\/image\/","url":"https:\/\/wanderbusecuador.com\/es\/wp-content\/uploads\/2021\/07\/logo-wb-red.svg","contentUrl":"https:\/\/wanderbusecuador.com\/es\/wp-content\/uploads\/2021\/07\/logo-wb-red.svg","caption":"Wanderbus Ecuador"},"image":{"@id":"https:\/\/wanderbusecuador.com\/es\/#\/schema\/logo\/image\/"},"sameAs":["https:\/\/www.facebook.com\/wanderbusecuador","https:\/\/www.instagram.com\/wanderbusecuador\/?igsh=MWhlcXI2dW9kNGZtbw"]}]}},"uagb_featured_image_src":{"full":false,"thumbnail":false,"medium":false,"medium_large":false,"large":false,"1536x1536":false,"2048x2048":false},"uagb_author_info":{"display_name":"wanderbus_9426","author_link":"https:\/\/wanderbusecuador.com\/es\/author\/wanderbus_9426\/"},"uagb_comment_info":0,"uagb_excerpt":"Acerca de Wanderbus Un equipo de expertos detr\u00e1s de cada viaje Hemos dise\u00f1ado las mejores rutas por Ecuador Wanderbus Ecuador naci\u00f3 de la mano de un equipo de expertos en viajes, mentes innovadoras que buscaban soluciones para problemas que otros ni siquiera hab\u00edan detectado todav\u00eda. Nosotros somos ecuatorianos de nacimiento. Compartimos la misma pasi\u00f3n por&hellip;","_links":{"self":[{"href":"https:\/\/wanderbusecuador.com\/es\/wp-json\/wp\/v2\/pages\/1334","targetHints":{"allow":["GET"]}}],"collection":[{"href":"https:\/\/wanderbusecuador.com\/es\/wp-json\/wp\/v2\/pages"}],"about":[{"href":"https:\/\/wanderbusecuador.com\/es\/wp-json\/wp\/v2\/types\/page"}],"author":[{"embeddable":true,"href":"https:\/\/wanderbusecuador.com\/es\/wp-json\/wp\/v2\/users\/1"}],"replies":[{"embeddable":true,"href":"https:\/\/wanderbusecuador.com\/es\/wp-json\/wp\/v2\/comments?post=1334"}],"version-history":[{"count":71,"href":"https:\/\/wanderbusecuador.com\/es\/wp-json\/wp\/v2\/pages\/1334\/revisions"}],"predecessor-version":[{"id":23344,"href":"https:\/\/wanderbusecuador.com\/es\/wp-json\/wp\/v2\/pages\/1334\/revisions\/23344"}],"wp:attachment":[{"href":"https:\/\/wanderbusecuador.com\/es\/wp-json\/wp\/v2\/media?parent=1334"}],"curies":[{"name":"wp","href":"https:\/\/api.w.org\/{rel}","templated":true}]}}