{"id":1550,"date":"2021-05-02T20:13:07","date_gmt":"2021-05-03T01:13:07","guid":{"rendered":"https:\/\/www.wanderbusecuador.com\/?page_id=1550"},"modified":"2026-03-02T17:17:08","modified_gmt":"2026-03-02T22:17:08","slug":"contacto","status":"publish","type":"page","link":"https:\/\/wanderbusecuador.com\/es\/contacto\/","title":{"rendered":"Ponte en contacto con Wanderbus Ecuador"},"content":{"rendered":"\t\t<div data-elementor-type=\"wp-page\" data-elementor-id=\"1550\" class=\"elementor elementor-1550\">\n\t\t\t\t\t\t<div class=\"elementor-inner\">\n\t\t\t\t<div class=\"elementor-section-wrap\">\n\t\t\t\t\t\t\t\t\t<section class=\"elementor-section elementor-top-section elementor-element elementor-element-c50838b elementor-section-height-min-height elementor-section-boxed elementor-section-height-default elementor-section-items-middle\" data-id=\"c50838b\" data-element_type=\"section\" data-settings=\"{&quot;background_background&quot;:&quot;classic&quot;}\">\n\t\t\t\t\t\t\t<div class=\"elementor-background-overlay\"><\/div>\n\t\t\t\t\t\t\t<div class=\"elementor-container elementor-column-gap-default\">\n\t\t\t\t\t\t\t<div class=\"elementor-row\">\n\t\t\t\t\t<div class=\"elementor-column elementor-col-33 elementor-top-column elementor-element elementor-element-2f84d6d\" data-id=\"2f84d6d\" data-element_type=\"column\">\n\t\t\t<div class=\"elementor-column-wrap\">\n\t\t\t\t\t\t\t<div class=\"elementor-widget-wrap\">\n\t\t\t\t\t\t\t\t<\/div>\n\t\t\t\t\t<\/div>\n\t\t<\/div>\n\t\t\t\t<div class=\"elementor-column elementor-col-33 elementor-top-column elementor-element elementor-element-55b0429\" data-id=\"55b0429\" data-element_type=\"column\">\n\t\t\t<div class=\"elementor-column-wrap elementor-element-populated\">\n\t\t\t\t\t\t\t<div class=\"elementor-widget-wrap\">\n\t\t\t\t\t\t<div class=\"elementor-element elementor-element-453e782 elementor-widget elementor-widget-heading\" data-id=\"453e782\" data-element_type=\"widget\" data-widget_type=\"heading.default\">\n\t\t\t\t<div class=\"elementor-widget-container\">\n\t\t\t<h1 class=\"elementor-heading-title elementor-size-default\">Ponte en contacto con nosotros<\/h1>\t\t<\/div>\n\t\t\t\t<\/div>\n\t\t\t\t<div class=\"elementor-element elementor-element-92570e2 elementor-widget-divider--view-line elementor-widget elementor-widget-divider\" data-id=\"92570e2\" data-element_type=\"widget\" data-widget_type=\"divider.default\">\n\t\t\t\t<div class=\"elementor-widget-container\">\n\t\t\t\t\t<div class=\"elementor-divider\">\n\t\t\t<span class=\"elementor-divider-separator\">\n\t\t\t\t\t\t<\/span>\n\t\t<\/div>\n\t\t\t\t<\/div>\n\t\t\t\t<\/div>\n\t\t\t\t<div class=\"elementor-element elementor-element-3428592 elementor-widget elementor-widget-heading\" data-id=\"3428592\" data-element_type=\"widget\" data-widget_type=\"heading.default\">\n\t\t\t\t<div class=\"elementor-widget-container\">\n\t\t\t<h3 class=\"elementor-heading-title elementor-size-default\">Informaci\u00f3n de Contacto de Wanderbus <\/h3>\t\t<\/div>\n\t\t\t\t<\/div>\n\t\t\t\t\t\t<\/div>\n\t\t\t\t\t<\/div>\n\t\t<\/div>\n\t\t\t\t<div class=\"elementor-column elementor-col-33 elementor-top-column elementor-element elementor-element-79b148e\" data-id=\"79b148e\" data-element_type=\"column\">\n\t\t\t<div class=\"elementor-column-wrap\">\n\t\t\t\t\t\t\t<div class=\"elementor-widget-wrap\">\n\t\t\t\t\t\t\t\t<\/div>\n\t\t\t\t\t<\/div>\n\t\t<\/div>\n\t\t\t\t\t\t\t\t<\/div>\n\t\t\t\t\t<\/div>\n\t\t<\/section>\n\t\t\t\t<section class=\"elementor-section elementor-top-section elementor-element elementor-element-7ff6b35 elementor-section-boxed elementor-section-height-default elementor-section-height-default\" data-id=\"7ff6b35\" data-element_type=\"section\" data-settings=\"{&quot;background_background&quot;:&quot;classic&quot;}\">\n\t\t\t\t\t\t<div class=\"elementor-container elementor-column-gap-no\">\n\t\t\t\t\t\t\t<div class=\"elementor-row\">\n\t\t\t\t\t<div class=\"elementor-column elementor-col-50 elementor-top-column elementor-element elementor-element-eefe1b0\" data-id=\"eefe1b0\" data-element_type=\"column\" data-settings=\"{&quot;background_background&quot;:&quot;classic&quot;}\">\n\t\t\t<div class=\"elementor-column-wrap elementor-element-populated\">\n\t\t\t\t\t\t\t<div class=\"elementor-widget-wrap\">\n\t\t\t\t\t\t<section class=\"elementor-section elementor-inner-section elementor-element elementor-element-9466a38 elementor-section-boxed elementor-section-height-default elementor-section-height-default\" data-id=\"9466a38\" data-element_type=\"section\">\n\t\t\t\t\t\t<div class=\"elementor-container elementor-column-gap-no\">\n\t\t\t\t\t\t\t<div class=\"elementor-row\">\n\t\t\t\t\t<div class=\"elementor-column elementor-col-50 elementor-inner-column elementor-element elementor-element-92ec6eb\" data-id=\"92ec6eb\" data-element_type=\"column\">\n\t\t\t<div class=\"elementor-column-wrap elementor-element-populated\">\n\t\t\t\t\t\t\t<div class=\"elementor-widget-wrap\">\n\t\t\t\t\t\t<div class=\"elementor-element elementor-element-addf565 elementor-widget elementor-widget-heading\" data-id=\"addf565\" data-element_type=\"widget\" data-widget_type=\"heading.default\">\n\t\t\t\t<div class=\"elementor-widget-container\">\n\t\t\t<h3 class=\"elementor-heading-title elementor-size-default\">Env\u00edanos tu consulta<\/h3>\t\t<\/div>\n\t\t\t\t<\/div>\n\t\t\t\t<div class=\"elementor-element elementor-element-56569b9 elementor-widget elementor-widget-html\" data-id=\"56569b9\" data-element_type=\"widget\" data-widget_type=\"html.default\">\n\t\t\t\t<div class=\"elementor-widget-container\">\n\t\t\t<script charset=\"utf-8\" type=\"text\/javascript\" src=\"\/\/js.hsforms.net\/forms\/shell.js\"><\/script>\n<script>\n  hbspt.forms.create({\n\tportalId: \"7603555\",\n\tformId: \"697f59ca-8a19-4845-9126-af2401d93026\"\n});\n<\/script>\t\t<\/div>\n\t\t\t\t<\/div>\n\t\t\t\t\t\t<\/div>\n\t\t\t\t\t<\/div>\n\t\t<\/div>\n\t\t\t\t<div class=\"elementor-column elementor-col-50 elementor-inner-column elementor-element elementor-element-806d05a\" data-id=\"806d05a\" data-element_type=\"column\">\n\t\t\t<div class=\"elementor-column-wrap elementor-element-populated\">\n\t\t\t\t\t\t\t<div class=\"elementor-widget-wrap\">\n\t\t\t\t\t\t<div class=\"elementor-element elementor-element-8baa47e elementor-widget elementor-widget-heading\" data-id=\"8baa47e\" data-element_type=\"widget\" data-widget_type=\"heading.default\">\n\t\t\t\t<div class=\"elementor-widget-container\">\n\t\t\t<h3 class=\"elementor-heading-title elementor-size-default\">Nos encantar\u00eda saber de ti<\/h3>\t\t<\/div>\n\t\t\t\t<\/div>\n\t\t\t\t<div class=\"elementor-element elementor-element-5f9c88d elementor-widget elementor-widget-text-editor\" data-id=\"5f9c88d\" data-element_type=\"widget\" data-widget_type=\"text-editor.default\">\n\t\t\t\t<div class=\"elementor-widget-container\">\n\t\t\t\t\t\t\t\t<div class=\"elementor-text-editor elementor-clearfix\">\n\t\t\t\t<p data-path-to-node=\"5,1\">Antes de escribirnos, te recomendamos echar un vistazo a nuestra secci\u00f3n de <b data-path-to-node=\"5,1\" data-index-in-node=\"76\"><a href=\"https:\/\/wanderbusecuador.com\/es\/preguntas-frecuentes-sobre-wanderbus\/\">Preguntas Frecuentes<\/a><\/b>. \u00a1La respuesta que buscas podr\u00eda estar a un clic de distancia!<\/p><p data-path-to-node=\"5,2\">Si a\u00fan tienes dudas, cu\u00e9ntanos un poco m\u00e1s sobre tu viaje. Nuestro equipo revisar\u00e1 tu mensaje con prioridad para responderte lo m\u00e1s pronto posible.<\/p>\t\t\t\t\t<\/div>\n\t\t\t\t\t\t<\/div>\n\t\t\t\t<\/div>\n\t\t\t\t<div class=\"elementor-element elementor-element-88df54d elementor-widget elementor-widget-heading\" data-id=\"88df54d\" data-element_type=\"widget\" data-widget_type=\"heading.default\">\n\t\t\t\t<div class=\"elementor-widget-container\">\n\t\t\t<h3 class=\"elementor-heading-title elementor-size-medium\">Contacta a Wanderbus Ecuador<\/h3>\t\t<\/div>\n\t\t\t\t<\/div>\n\t\t\t\t<div class=\"elementor-element elementor-element-752e454 elementor-widget elementor-widget-text-editor\" data-id=\"752e454\" data-element_type=\"widget\" data-widget_type=\"text-editor.default\">\n\t\t\t\t<div class=\"elementor-widget-container\">\n\t\t\t\t\t\t\t\t<div class=\"elementor-text-editor elementor-clearfix\">\n\t\t\t\t<p>Av. 10 de Agosto N21-123 y calle San Gregorio, Edificio Epsilon, 3rd piso.<br \/>tel\u00e9fono: +593 95 891 1370<br \/><a href=\"mailto:info@wanderbusecuador.com\">info@wanderbusecuador.com<\/a><\/p>\t\t\t\t\t<\/div>\n\t\t\t\t\t\t<\/div>\n\t\t\t\t<\/div>\n\t\t\t\t<div class=\"elementor-element elementor-element-1a6f8df elementor-widget elementor-widget-google_maps\" data-id=\"1a6f8df\" data-element_type=\"widget\" data-widget_type=\"google_maps.default\">\n\t\t\t\t<div class=\"elementor-widget-container\">\n\t\t\t\t\t<div class=\"elementor-custom-embed\">\n\t\t\t<iframe frameborder=\"0\" scrolling=\"no\" marginheight=\"0\" marginwidth=\"0\"\n\t\t\t\t\tsrc=\"https:\/\/maps.google.com\/maps?q=Wanderbus&#038;t=m&#038;z=10&#038;output=embed&#038;iwloc=near\"\n\t\t\t\t\ttitle=\"Wanderbus\"\n\t\t\t\t\taria-label=\"Wanderbus\"\n\t\t\t><\/iframe>\n\t\t<\/div>\n\t\t\t\t<\/div>\n\t\t\t\t<\/div>\n\t\t\t\t<div class=\"elementor-element elementor-element-2637853 elementor-widget elementor-widget-heading\" data-id=\"2637853\" data-element_type=\"widget\" data-widget_type=\"heading.default\">\n\t\t\t\t<div class=\"elementor-widget-container\">\n\t\t\t<h3 class=\"elementor-heading-title elementor-size-medium\">S\u00edguenos en:<\/h3>\t\t<\/div>\n\t\t\t\t<\/div>\n\t\t\t\t<div class=\"elementor-element elementor-element-194b5eb e-grid-align-left elementor-shape-rounded elementor-grid-0 elementor-widget elementor-widget-social-icons\" data-id=\"194b5eb\" data-element_type=\"widget\" data-widget_type=\"social-icons.default\">\n\t\t\t\t<div class=\"elementor-widget-container\">\n\t\t\t\t\t<div class=\"elementor-social-icons-wrapper elementor-grid\">\n\t\t\t\t\t\t\t<span class=\"elementor-grid-item\">\n\t\t\t\t\t<a class=\"elementor-icon elementor-social-icon elementor-social-icon-facebook elementor-repeater-item-2f55736\" href=\"https:\/\/www.facebook.com\/wanderbusecuador\/\">\n\t\t\t\t\t\t<span class=\"elementor-screen-only\">Facebook<\/span>\n\t\t\t\t\t\t<i class=\"fab fa-facebook\"><\/i>\t\t\t\t\t<\/a>\n\t\t\t\t<\/span>\n\t\t\t\t\t\t\t<span class=\"elementor-grid-item\">\n\t\t\t\t\t<a class=\"elementor-icon elementor-social-icon elementor-social-icon-instagram elementor-repeater-item-f62a74e\" href=\"https:\/\/www.instagram.com\/wanderbusecuador\/\" target=\"_blank\">\n\t\t\t\t\t\t<span class=\"elementor-screen-only\">Instagram<\/span>\n\t\t\t\t\t\t<i class=\"fab fa-instagram\"><\/i>\t\t\t\t\t<\/a>\n\t\t\t\t<\/span>\n\t\t\t\t\t\t\t<span class=\"elementor-grid-item\">\n\t\t\t\t\t<a class=\"elementor-icon elementor-social-icon elementor-social-icon-youtube elementor-repeater-item-664baeb\" href=\"https:\/\/www.youtube.com\/channel\/UC-PfOLRF-nGcjrnedeojCyg\">\n\t\t\t\t\t\t<span class=\"elementor-screen-only\">Youtube<\/span>\n\t\t\t\t\t\t<i class=\"fab fa-youtube\"><\/i>\t\t\t\t\t<\/a>\n\t\t\t\t<\/span>\n\t\t\t\t\t<\/div>\n\t\t\t\t<\/div>\n\t\t\t\t<\/div>\n\t\t\t\t\t\t<\/div>\n\t\t\t\t\t<\/div>\n\t\t<\/div>\n\t\t\t\t\t\t\t\t<\/div>\n\t\t\t\t\t<\/div>\n\t\t<\/section>\n\t\t\t\t\t\t<\/div>\n\t\t\t\t\t<\/div>\n\t\t<\/div>\n\t\t\t\t<div class=\"elementor-column elementor-col-50 elementor-top-column elementor-element elementor-element-72e7191\" data-id=\"72e7191\" data-element_type=\"column\">\n\t\t\t<div class=\"elementor-column-wrap\">\n\t\t\t\t\t\t\t<div class=\"elementor-widget-wrap\">\n\t\t\t\t\t\t\t\t<\/div>\n\t\t\t\t\t<\/div>\n\t\t<\/div>\n\t\t\t\t\t\t\t\t<\/div>\n\t\t\t\t\t<\/div>\n\t\t<\/section>\n\t\t\t\t\t\t\t\t\t<\/div>\n\t\t\t<\/div>\n\t\t\t\t\t<\/div>\n\t\t","protected":false},"excerpt":{"rendered":"<p>Get in touch with us Wanderbus Contact Information Send us an enquiry We\u2019d love to hear from you Have you tried our\u00a0FAQs page\u00a0first? If you didn\u2019t found your answer, give us a few details and we\u2019ll check your enquiry as best we can for a speedy response. Get in touch with Wanderbus Ecuador Av. 10 &hellip;<\/p>\n<p class=\"read-more\"> <a class=\"\" href=\"https:\/\/wanderbusecuador.com\/es\/contacto\/\"> <span class=\"screen-reader-text\">Ponte en contacto con Wanderbus Ecuador<\/span> Read More \u00bb<\/a><\/p>\n","protected":false},"author":1,"featured_media":0,"parent":0,"menu_order":0,"comment_status":"closed","ping_status":"closed","template":"","meta":{"content-type":"","_uag_custom_page_level_css":"","site-sidebar-layout":"no-sidebar","site-content-layout":"page-builder","ast-global-header-display":"","ast-main-header-display":"","ast-hfb-above-header-display":"","ast-hfb-below-header-display":"","ast-hfb-mobile-header-display":"","site-post-title":"disabled","ast-breadcrumbs-content":"","ast-featured-img":"disabled","footer-sml-layout":"","theme-transparent-header-meta":"enabled","adv-header-id-meta":"","stick-header-meta":"","header-above-stick-meta":"","header-main-stick-meta":"","header-below-stick-meta":"","footnotes":""},"class_list":["post-1550","page","type-page","status-publish","hentry"],"yoast_head":"<!-- This site is optimized with the Yoast SEO plugin v26.2 - https:\/\/yoast.com\/wordpress\/plugins\/seo\/ -->\n<title>Ponte en contacto con nosotros &#8212; Wanderbus Ecuador<\/title>\n<meta name=\"robots\" content=\"index, follow, max-snippet:-1, max-image-preview:large, max-video-preview:-1\" \/>\n<link rel=\"canonical\" href=\"https:\/\/wanderbusecuador.com\/es\/contacto\/\" \/>\n<meta property=\"og:locale\" content=\"es_ES\" \/>\n<meta property=\"og:type\" content=\"article\" \/>\n<meta property=\"og:title\" content=\"Ponte en contacto con nosotros &#8212; Wanderbus Ecuador\" \/>\n<meta property=\"og:description\" content=\"Get in touch with us Wanderbus Contact Information Send us an enquiry We\u2019d love to hear from you Have you tried our\u00a0FAQs page\u00a0first? If you didn\u2019t found your answer, give us a few details and we\u2019ll check your enquiry as best we can for a speedy response. Get in touch with Wanderbus Ecuador Av. 10 &hellip; Ponte en contacto con Wanderbus Ecuador Read More \u00bb\" \/>\n<meta property=\"og:url\" content=\"https:\/\/wanderbusecuador.com\/es\/contacto\/\" \/>\n<meta property=\"og:site_name\" content=\"Wanderbus Ecuador\" \/>\n<meta property=\"article:publisher\" content=\"https:\/\/www.facebook.com\/wanderbusecuador\" \/>\n<meta property=\"article:modified_time\" content=\"2026-03-02T22:17:08+00:00\" \/>\n<meta name=\"twitter:card\" content=\"summary_large_image\" \/>\n<meta name=\"twitter:label1\" content=\"Tiempo de lectura\" \/>\n\t<meta name=\"twitter:data1\" content=\"1 minuto\" \/>\n<script type=\"application\/ld+json\" class=\"yoast-schema-graph\">{\"@context\":\"https:\/\/schema.org\",\"@graph\":[{\"@type\":\"WebPage\",\"@id\":\"https:\/\/wanderbusecuador.com\/es\/contacto\/\",\"url\":\"https:\/\/wanderbusecuador.com\/es\/contacto\/\",\"name\":\"Ponte en contacto con nosotros &#8212; Wanderbus Ecuador\",\"isPartOf\":{\"@id\":\"https:\/\/wanderbusecuador.com\/es\/#website\"},\"datePublished\":\"2021-05-03T01:13:07+00:00\",\"dateModified\":\"2026-03-02T22:17:08+00:00\",\"breadcrumb\":{\"@id\":\"https:\/\/wanderbusecuador.com\/es\/contacto\/#breadcrumb\"},\"inLanguage\":\"es\",\"potentialAction\":[{\"@type\":\"ReadAction\",\"target\":[\"https:\/\/wanderbusecuador.com\/es\/contacto\/\"]}]},{\"@type\":\"BreadcrumbList\",\"@id\":\"https:\/\/wanderbusecuador.com\/es\/contacto\/#breadcrumb\",\"itemListElement\":[{\"@type\":\"ListItem\",\"position\":1,\"name\":\"Incio\",\"item\":\"https:\/\/wanderbusecuador.com\/es\/\"},{\"@type\":\"ListItem\",\"position\":2,\"name\":\"Ponte en contacto con Wanderbus Ecuador\"}]},{\"@type\":\"WebSite\",\"@id\":\"https:\/\/wanderbusecuador.com\/es\/#website\",\"url\":\"https:\/\/wanderbusecuador.com\/es\/\",\"name\":\"Wanderbus Ecuador\",\"description\":\"Ecuador Flexible Tours: Go where no one else goes\",\"publisher\":{\"@id\":\"https:\/\/wanderbusecuador.com\/es\/#organization\"},\"potentialAction\":[{\"@type\":\"SearchAction\",\"target\":{\"@type\":\"EntryPoint\",\"urlTemplate\":\"https:\/\/wanderbusecuador.com\/es\/?s={search_term_string}\"},\"query-input\":{\"@type\":\"PropertyValueSpecification\",\"valueRequired\":true,\"valueName\":\"search_term_string\"}}],\"inLanguage\":\"es\"},{\"@type\":\"Organization\",\"@id\":\"https:\/\/wanderbusecuador.com\/es\/#organization\",\"name\":\"Wanderbus Ecuador\",\"url\":\"https:\/\/wanderbusecuador.com\/es\/\",\"logo\":{\"@type\":\"ImageObject\",\"inLanguage\":\"es\",\"@id\":\"https:\/\/wanderbusecuador.com\/es\/#\/schema\/logo\/image\/\",\"url\":\"https:\/\/wanderbusecuador.com\/es\/wp-content\/uploads\/2021\/07\/logo-wb-red.svg\",\"contentUrl\":\"https:\/\/wanderbusecuador.com\/es\/wp-content\/uploads\/2021\/07\/logo-wb-red.svg\",\"caption\":\"Wanderbus Ecuador\"},\"image\":{\"@id\":\"https:\/\/wanderbusecuador.com\/es\/#\/schema\/logo\/image\/\"},\"sameAs\":[\"https:\/\/www.facebook.com\/wanderbusecuador\",\"https:\/\/www.instagram.com\/wanderbusecuador\/?igsh=MWhlcXI2dW9kNGZtbw\"]}]}<\/script>\n<!-- \/ Yoast SEO plugin. -->","yoast_head_json":{"title":"Ponte en contacto con nosotros &#8212; Wanderbus Ecuador","robots":{"index":"index","follow":"follow","max-snippet":"max-snippet:-1","max-image-preview":"max-image-preview:large","max-video-preview":"max-video-preview:-1"},"canonical":"https:\/\/wanderbusecuador.com\/es\/contacto\/","og_locale":"es_ES","og_type":"article","og_title":"Ponte en contacto con nosotros &#8212; Wanderbus Ecuador","og_description":"Get in touch with us Wanderbus Contact Information Send us an enquiry We\u2019d love to hear from you Have you tried our\u00a0FAQs page\u00a0first? If you didn\u2019t found your answer, give us a few details and we\u2019ll check your enquiry as best we can for a speedy response. Get in touch with Wanderbus Ecuador Av. 10 &hellip; Ponte en contacto con Wanderbus Ecuador Read More \u00bb","og_url":"https:\/\/wanderbusecuador.com\/es\/contacto\/","og_site_name":"Wanderbus Ecuador","article_publisher":"https:\/\/www.facebook.com\/wanderbusecuador","article_modified_time":"2026-03-02T22:17:08+00:00","twitter_card":"summary_large_image","twitter_misc":{"Tiempo de lectura":"1 minuto"},"schema":{"@context":"https:\/\/schema.org","@graph":[{"@type":"WebPage","@id":"https:\/\/wanderbusecuador.com\/es\/contacto\/","url":"https:\/\/wanderbusecuador.com\/es\/contacto\/","name":"Ponte en contacto con nosotros &#8212; Wanderbus Ecuador","isPartOf":{"@id":"https:\/\/wanderbusecuador.com\/es\/#website"},"datePublished":"2021-05-03T01:13:07+00:00","dateModified":"2026-03-02T22:17:08+00:00","breadcrumb":{"@id":"https:\/\/wanderbusecuador.com\/es\/contacto\/#breadcrumb"},"inLanguage":"es","potentialAction":[{"@type":"ReadAction","target":["https:\/\/wanderbusecuador.com\/es\/contacto\/"]}]},{"@type":"BreadcrumbList","@id":"https:\/\/wanderbusecuador.com\/es\/contacto\/#breadcrumb","itemListElement":[{"@type":"ListItem","position":1,"name":"Incio","item":"https:\/\/wanderbusecuador.com\/es\/"},{"@type":"ListItem","position":2,"name":"Ponte en contacto con Wanderbus Ecuador"}]},{"@type":"WebSite","@id":"https:\/\/wanderbusecuador.com\/es\/#website","url":"https:\/\/wanderbusecuador.com\/es\/","name":"Wanderbus Ecuador","description":"Ecuador Flexible Tours: Go where no one else goes","publisher":{"@id":"https:\/\/wanderbusecuador.com\/es\/#organization"},"potentialAction":[{"@type":"SearchAction","target":{"@type":"EntryPoint","urlTemplate":"https:\/\/wanderbusecuador.com\/es\/?s={search_term_string}"},"query-input":{"@type":"PropertyValueSpecification","valueRequired":true,"valueName":"search_term_string"}}],"inLanguage":"es"},{"@type":"Organization","@id":"https:\/\/wanderbusecuador.com\/es\/#organization","name":"Wanderbus Ecuador","url":"https:\/\/wanderbusecuador.com\/es\/","logo":{"@type":"ImageObject","inLanguage":"es","@id":"https:\/\/wanderbusecuador.com\/es\/#\/schema\/logo\/image\/","url":"https:\/\/wanderbusecuador.com\/es\/wp-content\/uploads\/2021\/07\/logo-wb-red.svg","contentUrl":"https:\/\/wanderbusecuador.com\/es\/wp-content\/uploads\/2021\/07\/logo-wb-red.svg","caption":"Wanderbus Ecuador"},"image":{"@id":"https:\/\/wanderbusecuador.com\/es\/#\/schema\/logo\/image\/"},"sameAs":["https:\/\/www.facebook.com\/wanderbusecuador","https:\/\/www.instagram.com\/wanderbusecuador\/?igsh=MWhlcXI2dW9kNGZtbw"]}]}},"uagb_featured_image_src":{"full":false,"thumbnail":false,"medium":false,"medium_large":false,"large":false,"1536x1536":false,"2048x2048":false},"uagb_author_info":{"display_name":"wanderbus_9426","author_link":"https:\/\/wanderbusecuador.com\/es\/author\/wanderbus_9426\/"},"uagb_comment_info":0,"uagb_excerpt":"Get in touch with us Wanderbus Contact Information Send us an enquiry We\u2019d love to hear from you Have you tried our\u00a0FAQs page\u00a0first? If you didn\u2019t found your answer, give us a few details and we\u2019ll check your enquiry as best we can for a speedy response. Get in touch with Wanderbus Ecuador Av. 10&hellip;","_links":{"self":[{"href":"https:\/\/wanderbusecuador.com\/es\/wp-json\/wp\/v2\/pages\/1550","targetHints":{"allow":["GET"]}}],"collection":[{"href":"https:\/\/wanderbusecuador.com\/es\/wp-json\/wp\/v2\/pages"}],"about":[{"href":"https:\/\/wanderbusecuador.com\/es\/wp-json\/wp\/v2\/types\/page"}],"author":[{"embeddable":true,"href":"https:\/\/wanderbusecuador.com\/es\/wp-json\/wp\/v2\/users\/1"}],"replies":[{"embeddable":true,"href":"https:\/\/wanderbusecuador.com\/es\/wp-json\/wp\/v2\/comments?post=1550"}],"version-history":[{"count":37,"href":"https:\/\/wanderbusecuador.com\/es\/wp-json\/wp\/v2\/pages\/1550\/revisions"}],"predecessor-version":[{"id":23964,"href":"https:\/\/wanderbusecuador.com\/es\/wp-json\/wp\/v2\/pages\/1550\/revisions\/23964"}],"wp:attachment":[{"href":"https:\/\/wanderbusecuador.com\/es\/wp-json\/wp\/v2\/media?parent=1550"}],"curies":[{"name":"wp","href":"https:\/\/api.w.org\/{rel}","templated":true}]}}