{"id":1576,"date":"2021-05-02T20:58:00","date_gmt":"2021-05-03T01:58:00","guid":{"rendered":"https:\/\/www.wanderbusecuador.com\/?page_id=1576"},"modified":"2026-01-28T14:19:00","modified_gmt":"2026-01-28T19:19:00","slug":"blog","status":"publish","type":"page","link":"https:\/\/wanderbusecuador.com\/es\/blog\/","title":{"rendered":"El Blog de Wanderbus Ecuador: Planes y Destinos Que No Te Puedes Perder"},"content":{"rendered":"\t\t<div data-elementor-type=\"wp-page\" data-elementor-id=\"1576\" class=\"elementor elementor-1576\">\n\t\t\t\t\t\t<div class=\"elementor-inner\">\n\t\t\t\t<div class=\"elementor-section-wrap\">\n\t\t\t\t\t\t\t\t\t<section class=\"elementor-section elementor-top-section elementor-element elementor-element-c50838b elementor-section-height-min-height elementor-section-boxed elementor-section-height-default elementor-section-items-middle\" data-id=\"c50838b\" data-element_type=\"section\" data-settings=\"{&quot;background_background&quot;:&quot;classic&quot;}\">\n\t\t\t\t\t\t\t<div class=\"elementor-background-overlay\"><\/div>\n\t\t\t\t\t\t\t<div class=\"elementor-container elementor-column-gap-default\">\n\t\t\t\t\t\t\t<div class=\"elementor-row\">\n\t\t\t\t\t<div class=\"elementor-column elementor-col-33 elementor-top-column elementor-element elementor-element-2f84d6d\" data-id=\"2f84d6d\" data-element_type=\"column\">\n\t\t\t<div class=\"elementor-column-wrap\">\n\t\t\t\t\t\t\t<div class=\"elementor-widget-wrap\">\n\t\t\t\t\t\t\t\t<\/div>\n\t\t\t\t\t<\/div>\n\t\t<\/div>\n\t\t\t\t<div class=\"elementor-column elementor-col-33 elementor-top-column elementor-element elementor-element-55b0429\" data-id=\"55b0429\" data-element_type=\"column\">\n\t\t\t<div class=\"elementor-column-wrap elementor-element-populated\">\n\t\t\t\t\t\t\t<div class=\"elementor-widget-wrap\">\n\t\t\t\t\t\t<div class=\"elementor-element elementor-element-453e782 elementor-widget elementor-widget-heading\" data-id=\"453e782\" data-element_type=\"widget\" data-widget_type=\"heading.default\">\n\t\t\t\t<div class=\"elementor-widget-container\">\n\t\t\t<h1 class=\"elementor-heading-title elementor-size-default\">El Blog de Wanderbus Ecuador<\/h1>\t\t<\/div>\n\t\t\t\t<\/div>\n\t\t\t\t<div class=\"elementor-element elementor-element-92570e2 elementor-widget-divider--view-line elementor-widget elementor-widget-divider\" data-id=\"92570e2\" data-element_type=\"widget\" data-widget_type=\"divider.default\">\n\t\t\t\t<div class=\"elementor-widget-container\">\n\t\t\t\t\t<div class=\"elementor-divider\">\n\t\t\t<span class=\"elementor-divider-separator\">\n\t\t\t\t\t\t<\/span>\n\t\t<\/div>\n\t\t\t\t<\/div>\n\t\t\t\t<\/div>\n\t\t\t\t<div class=\"elementor-element elementor-element-3428592 elementor-widget elementor-widget-heading\" data-id=\"3428592\" data-element_type=\"widget\" data-widget_type=\"heading.default\">\n\t\t\t\t<div class=\"elementor-widget-container\">\n\t\t\t<h3 class=\"elementor-heading-title elementor-size-default\">Planes y Destinos Que No Te Puedes Perder<br><\/h3>\t\t<\/div>\n\t\t\t\t<\/div>\n\t\t\t\t\t\t<\/div>\n\t\t\t\t\t<\/div>\n\t\t<\/div>\n\t\t\t\t<div class=\"elementor-column elementor-col-33 elementor-top-column elementor-element elementor-element-79b148e\" data-id=\"79b148e\" data-element_type=\"column\">\n\t\t\t<div class=\"elementor-column-wrap\">\n\t\t\t\t\t\t\t<div class=\"elementor-widget-wrap\">\n\t\t\t\t\t\t\t\t<\/div>\n\t\t\t\t\t<\/div>\n\t\t<\/div>\n\t\t\t\t\t\t\t\t<\/div>\n\t\t\t\t\t<\/div>\n\t\t<\/section>\n\t\t\t\t<section class=\"elementor-section elementor-top-section elementor-element elementor-element-626d90f elementor-hidden-phone elementor-section-boxed elementor-section-height-default elementor-section-height-default\" data-id=\"626d90f\" data-element_type=\"section\">\n\t\t\t\t\t\t<div class=\"elementor-container elementor-column-gap-default\">\n\t\t\t\t\t\t\t<div class=\"elementor-row\">\n\t\t\t\t\t<div class=\"elementor-column elementor-col-50 elementor-top-column elementor-element elementor-element-6830058\" data-id=\"6830058\" data-element_type=\"column\">\n\t\t\t<div class=\"elementor-column-wrap elementor-element-populated\">\n\t\t\t\t\t\t\t<div class=\"elementor-widget-wrap\">\n\t\t\t\t\t\t<div class=\"elementor-element elementor-element-c31644f elementor-widget elementor-widget-heading\" data-id=\"c31644f\" data-element_type=\"widget\" data-widget_type=\"heading.default\">\n\t\t\t\t<div class=\"elementor-widget-container\">\n\t\t\t<h3 class=\"elementor-heading-title elementor-size-default\">BUSCAR:<\/h3>\t\t<\/div>\n\t\t\t\t<\/div>\n\t\t\t\t\t\t<\/div>\n\t\t\t\t\t<\/div>\n\t\t<\/div>\n\t\t\t\t<div class=\"elementor-column elementor-col-50 elementor-top-column elementor-element elementor-element-9d54bcb\" data-id=\"9d54bcb\" data-element_type=\"column\">\n\t\t\t<div class=\"elementor-column-wrap elementor-element-populated\">\n\t\t\t\t\t\t\t<div class=\"elementor-widget-wrap\">\n\t\t\t\t\t\t<div class=\"elementor-element elementor-element-ab69aff hfe-search-layout-text elementor-widget elementor-widget-hfe-search-button\" data-id=\"ab69aff\" data-element_type=\"widget\" data-settings=\"{&quot;size&quot;:{&quot;unit&quot;:&quot;px&quot;,&quot;size&quot;:50,&quot;sizes&quot;:[]},&quot;size_tablet&quot;:{&quot;unit&quot;:&quot;px&quot;,&quot;size&quot;:&quot;&quot;,&quot;sizes&quot;:[]},&quot;size_mobile&quot;:{&quot;unit&quot;:&quot;px&quot;,&quot;size&quot;:&quot;&quot;,&quot;sizes&quot;:[]},&quot;close_icon_size&quot;:{&quot;unit&quot;:&quot;px&quot;,&quot;size&quot;:&quot;20&quot;,&quot;sizes&quot;:[]},&quot;close_icon_size_tablet&quot;:{&quot;unit&quot;:&quot;px&quot;,&quot;size&quot;:&quot;&quot;,&quot;sizes&quot;:[]},&quot;close_icon_size_mobile&quot;:{&quot;unit&quot;:&quot;px&quot;,&quot;size&quot;:&quot;&quot;,&quot;sizes&quot;:[]}}\" data-widget_type=\"hfe-search-button.default\">\n\t\t\t\t<div class=\"elementor-widget-container\">\n\t\t\t\t\t<form class=\"hfe-search-button-wrapper\" role=\"search\" action=\"https:\/\/wanderbusecuador.com\/es\" method=\"get\">\n\t\t\t\t\t\t<div class=\"hfe-search-form__container\" role=\"tablist\">\n\t\t\t\t\t\t\t\t\t<input placeholder=\"Busca aqu\u00ed y dale al Enter...\" class=\"hfe-search-form__input\" type=\"search\" name=\"s\" title=\"Buscar\" value=\"\">\n\t\t\t\t\t\t<button id=\"clear\" type=\"reset\">\n\t\t\t\t\t\t\t<i class=\"fas fa-times clearable__clear\" aria-hidden=\"true\"><\/i>\n\t\t\t\t\t\t<\/button>\n\t\t\t\t\t\t\t<\/div>\n\t\t\t\t<\/form>\n\t\t\t\t<\/div>\n\t\t\t\t<\/div>\n\t\t\t\t\t\t<\/div>\n\t\t\t\t\t<\/div>\n\t\t<\/div>\n\t\t\t\t\t\t\t\t<\/div>\n\t\t\t\t\t<\/div>\n\t\t<\/section>\n\t\t\t\t<section class=\"elementor-section elementor-top-section elementor-element elementor-element-ba8791e elementor-section-boxed elementor-section-height-default elementor-section-height-default\" data-id=\"ba8791e\" data-element_type=\"section\">\n\t\t\t\t\t\t<div class=\"elementor-container elementor-column-gap-default\">\n\t\t\t\t\t\t\t<div class=\"elementor-row\">\n\t\t\t\t\t<div class=\"elementor-column elementor-col-100 elementor-top-column elementor-element elementor-element-c0e7f55\" data-id=\"c0e7f55\" data-element_type=\"column\">\n\t\t\t<div class=\"elementor-column-wrap elementor-element-populated\">\n\t\t\t\t\t\t\t<div class=\"elementor-widget-wrap\">\n\t\t\t\t\t\t<div class=\"elementor-element elementor-element-ae97823 uael-equal__height-yes elementor-widget elementor-widget-uael-posts\" data-id=\"ae97823\" data-element_type=\"widget\" data-settings=\"{&quot;classic_slides_to_show&quot;:2,&quot;classic_slides_to_show_tablet&quot;:2,&quot;classic_slides_to_show_mobile&quot;:1}\" data-widget_type=\"uael-posts.classic\">\n\t\t\t\t<div class=\"elementor-widget-container\">\n\t\t\t\t\t<div class=\"uael-post__header\">\n\t\t\t\t\t<\/div>\n\t\t<div class=\"uael-post__body\">\n\t\t\t\n\t\t\n\t\t<div class=\"uael-blog-terms-position- uael-post-image-top uael-post-grid uael-posts\" data-query-type=\"custom\" data-structure=\"normal\" data-layout=\"\" data-page=\"1576\" data-skin=\"classic\" data-filter-default=\"\" data-offset-top=\"30\" >\n\n\t\t\t\t\t\t\t<div class=\"uael-post-grid__inner uael-post__columns-2 uael-post__columns-tablet-2 uael-post__columns-mobile-1 uael-post-infinite-scroll uael-post-infinite__event-scroll\">\n\t\t\t\n<div class=\"uael-post-wrapper   uncategorized \">\n\t<div class=\"uael-post__bg-wrap\">\n\n\t\t\t\t\n\t\t<div class=\"uael-post__inner-wrap\">\n\n\t\t\t\t<div class=\"uael-post__thumbnail\">\n\t\t\t\n\t\t\t<a href=\"https:\/\/wanderbusecuador.com\/es\/conecta-con-el-alma-de-las-comunidades-del-ecuador\/\" target=\"_self\" title=\"Conecta con el alma de las comunidades del Ecuador\"><img loading=\"lazy\" decoding=\"async\" width=\"1920\" height=\"1280\" src=\"https:\/\/wanderbusecuador.com\/es\/wp-content\/uploads\/2025\/06\/OZOGOCHE-2.jpg\" class=\"attachment-full size-full\" alt=\"Conecta con el alma de las comunidades del Ecuador\" \/><\/a>\n\t\t\t\t\t<\/div>\n\t\t\n\t\t\t\n\t\t\t<div class=\"uael-post__content-wrap\">\n\t\t\t\t\t<h3 class=\"uael-post__title\">\n\n\t\t\n\t\t\t\t\t\t<a href=\"https:\/\/wanderbusecuador.com\/es\/conecta-con-el-alma-de-las-comunidades-del-ecuador\/\" target=\"_self\">\n\t\t\t\tConecta con el alma de las comunidades del Ecuador\t\t\t<\/a>\n\n\t\t\t\t<\/h3>\n\t\t\n\t\t<div class=\"uael-post__excerpt\">\n\t\t\t<p>Al hablar de Ecuador, es inevitable adentrarse en su maravillosa cultura, una de las caracter\u00edsticas m\u00e1s destacadas del pa\u00eds. Si bien Ecuador es relativamente peque\u00f1o &#8230;<\/p>\n\t\t<\/div>\n\n\t\t\t\t\t<\/div>\n\t\t\t\n\t\t<\/div>\n\t\t\n\t<\/div>\n\n<\/div>\n\n<div class=\"uael-post-wrapper   ecuador \">\n\t<div class=\"uael-post__bg-wrap\">\n\n\t\t\t\t\n\t\t<div class=\"uael-post__inner-wrap\">\n\n\t\t\n\t\t\t\n\t\t\t<div class=\"uael-post__content-wrap\">\n\t\t\t\t\t<h3 class=\"uael-post__title\">\n\n\t\t\n\t\t\t\t\t\t<a href=\"https:\/\/wanderbusecuador.com\/es\/itinerario-de-10-dias-por-ecuador\/\" target=\"_self\">\n\t\t\t\tItinerario De 10 D\u00edas Por Ecuador\t\t\t<\/a>\n\n\t\t\t\t<\/h3>\n\t\t\n\t\t<div class=\"uael-post__excerpt\">\n\t\t\t<p>Aunque diez d\u00edas en un pa\u00eds ofrecen una mejor idea de lo que este tiene para ofrecer, Ecuador redobla la apuesta al brindar una experiencia &#8230;<\/p>\n\t\t<\/div>\n\n\t\t\t\t\t<\/div>\n\t\t\t\n\t\t<\/div>\n\t\t\n\t<\/div>\n\n<\/div>\n\n<div class=\"uael-post-wrapper   ecuador \">\n\t<div class=\"uael-post__bg-wrap\">\n\n\t\t\t\t\n\t\t<div class=\"uael-post__inner-wrap\">\n\n\t\t\n\t\t\t\n\t\t\t<div class=\"uael-post__content-wrap\">\n\t\t\t\t\t<h3 class=\"uael-post__title\">\n\n\t\t\n\t\t\t\t\t\t<a href=\"https:\/\/wanderbusecuador.com\/es\/itinerario-de-5-dias-por-ecuador\/\" target=\"_self\">\n\t\t\t\titinerario de 5 d\u00edas por ecuador\t\t\t<\/a>\n\n\t\t\t\t<\/h3>\n\t\t\n\t\t<div class=\"uael-post__excerpt\">\n\t\t\t<p>Five days in Ecuador is clearly not enough to get to know the country well, but there\u2019s one thing that five days in Ecuador can &#8230;<\/p>\n\t\t<\/div>\n\n\t\t\t\t\t<\/div>\n\t\t\t\n\t\t<\/div>\n\t\t\n\t<\/div>\n\n<\/div>\n\n<div class=\"uael-post-wrapper   ecuador \">\n\t<div class=\"uael-post__bg-wrap\">\n\n\t\t\t\t\n\t\t<div class=\"uael-post__inner-wrap\">\n\n\t\t\n\t\t\t\n\t\t\t<div class=\"uael-post__content-wrap\">\n\t\t\t\t\t<h3 class=\"uael-post__title\">\n\n\t\t\n\t\t\t\t\t\t<a href=\"https:\/\/wanderbusecuador.com\/es\/tours-en-ecuador-con-guias-privados-locales\/\" target=\"_self\">\n\t\t\t\tTours en Ecuador con gu\u00edas privados locales\t\t\t<\/a>\n\n\t\t\t\t<\/h3>\n\t\t\n\t\t<div class=\"uael-post__excerpt\">\n\t\t\t<p>Tourism and travel have evolved throughout the years and we could say that, in this day and age, people are more and more inclined to &#8230;<\/p>\n\t\t<\/div>\n\n\t\t\t\t\t<\/div>\n\t\t\t\n\t\t<\/div>\n\t\t\n\t<\/div>\n\n<\/div>\n\n<div class=\"uael-post-wrapper   ecuador \">\n\t<div class=\"uael-post__bg-wrap\">\n\n\t\t\t\t\n\t\t<div class=\"uael-post__inner-wrap\">\n\n\t\t\n\t\t\t\n\t\t\t<div class=\"uael-post__content-wrap\">\n\t\t\t\t\t<h3 class=\"uael-post__title\">\n\n\t\t\n\t\t\t\t\t\t<a href=\"https:\/\/wanderbusecuador.com\/es\/expediciones-privadas-en-ecuador\/\" target=\"_self\">\n\t\t\t\tExpediciones privadas en Ecuador: Las favoritas de Wanderbus Ecuador\t\t\t<\/a>\n\n\t\t\t\t<\/h3>\n\t\t\n\t\t<div class=\"uael-post__excerpt\">\n\t\t\t<p>xpediciones privadas en Ecuador: Las favoritas de nuestro equipo Ecuador est\u00e1 repleto de aventura; hay algo incre\u00edble en cada direcci\u00f3n que tomes. Existen sitios espectaculares &#8230;<\/p>\n\t\t<\/div>\n\n\t\t\t\t\t<\/div>\n\t\t\t\n\t\t<\/div>\n\t\t\n\t<\/div>\n\n<\/div>\n\n<div class=\"uael-post-wrapper   ecuador quito \">\n\t<div class=\"uael-post__bg-wrap\">\n\n\t\t\t\t\n\t\t<div class=\"uael-post__inner-wrap\">\n\n\t\t\n\t\t\t\n\t\t\t<div class=\"uael-post__content-wrap\">\n\t\t\t\t\t<h3 class=\"uael-post__title\">\n\n\t\t\n\t\t\t\t\t\t<a href=\"https:\/\/wanderbusecuador.com\/es\/tours-privados-desde-quito\/\" target=\"_self\">\n\t\t\t\tTours Privados Con Gu\u00eda Desde Quito\t\t\t<\/a>\n\n\t\t\t\t<\/h3>\n\t\t\n\t\t<div class=\"uael-post__excerpt\">\n\t\t\t<p>Contratar un gu\u00eda privado para descubrir Quito y sus alrededores ofrece a los viajeros flexibilidad, exclusividad y el conocimiento experto local. Nuestra recomendaci\u00f3n es combinar &#8230;<\/p>\n\t\t<\/div>\n\n\t\t\t\t\t<\/div>\n\t\t\t\n\t\t<\/div>\n\t\t\n\t<\/div>\n\n<\/div>\n\t\t\t\t<\/div>\n\t\t\t\t\t\t<div class=\"uael-post-inf-loader\">\n\t\t\t\t<div class=\"uael-post-loader-1\"><\/div>\n\t\t\t\t<div class=\"uael-post-loader-2\"><\/div>\n\t\t\t\t<div class=\"uael-post-loader-3\"><\/div>\n\t\t\t<\/div>\n\t\t\t\t\t\t\n\t\t<\/div>\n\n\t\t\t\t\t\t<\/div>\n\t\t<div class=\"uael-post__footer\">\n\t\t\t\t\t\t<nav class=\"uael-grid-pagination\" style=\"display:none;\" role=\"navigation\" aria-label=\"Pagination\" data-total=\"26\" data-next-page=\"2\">\n\t\t\t\t\t\t\t<\/nav>\n\t\t\t\t\t<\/div>\n\t\t\t\t<\/div>\n\t\t\t\t<\/div>\n\t\t\t\t\t\t<\/div>\n\t\t\t\t\t<\/div>\n\t\t<\/div>\n\t\t\t\t\t\t\t\t<\/div>\n\t\t\t\t\t<\/div>\n\t\t<\/section>\n\t\t\t\t\t\t\t\t\t<\/div>\n\t\t\t<\/div>\n\t\t\t\t\t<\/div>\n\t\t","protected":false},"excerpt":{"rendered":"<p>El Blog de Wanderbus Ecuador Planes y Destinos Que No Te Puedes Perder BUSCAR: Conecta con el alma de las comunidades del Ecuador Al hablar de Ecuador, es inevitable adentrarse en su maravillosa cultura, una de las caracter\u00edsticas m\u00e1s destacadas del pa\u00eds. Si bien Ecuador es relativamente peque\u00f1o en comparaci\u00f3n con sus pa\u00edses vecinos (aproximadamente &hellip;<\/p>\n<p class=\"read-more\"> <a class=\"\" href=\"https:\/\/wanderbusecuador.com\/es\/tours-privados-desde-quito\/\"> <span class=\"screen-reader-text\">Tours Privados Con Gu\u00eda Desde Quito<\/span> Read More \u00bb<\/a><\/p>\n","protected":false},"author":1,"featured_media":0,"parent":0,"menu_order":0,"comment_status":"closed","ping_status":"closed","template":"","meta":{"content-type":"","_uag_custom_page_level_css":"","site-sidebar-layout":"no-sidebar","site-content-layout":"page-builder","ast-global-header-display":"","ast-main-header-display":"","ast-hfb-above-header-display":"","ast-hfb-below-header-display":"","ast-hfb-mobile-header-display":"","site-post-title":"disabled","ast-breadcrumbs-content":"","ast-featured-img":"disabled","footer-sml-layout":"","theme-transparent-header-meta":"enabled","adv-header-id-meta":"","stick-header-meta":"","header-above-stick-meta":"","header-main-stick-meta":"","header-below-stick-meta":"","footnotes":""},"class_list":["post-1576","page","type-page","status-publish","hentry"],"yoast_head":"<!-- This site is optimized with the Yoast SEO plugin v26.2 - https:\/\/yoast.com\/wordpress\/plugins\/seo\/ -->\n<title>El Blog de Wanderbus Ecuador &#8212; Wanderbus Ecuador<\/title>\n<meta name=\"robots\" content=\"index, follow, max-snippet:-1, max-image-preview:large, max-video-preview:-1\" \/>\n<link rel=\"canonical\" href=\"https:\/\/wanderbusecuador.com\/es\/blog\/\" \/>\n<meta property=\"og:locale\" content=\"es_ES\" \/>\n<meta property=\"og:type\" content=\"article\" \/>\n<meta property=\"og:title\" content=\"El Blog de Wanderbus Ecuador &#8212; Wanderbus Ecuador\" \/>\n<meta property=\"og:description\" content=\"El Blog de Wanderbus Ecuador Planes y Destinos Que No Te Puedes Perder BUSCAR: Conecta con el alma de las comunidades del Ecuador Al hablar de Ecuador, es inevitable adentrarse en su maravillosa cultura, una de las caracter\u00edsticas m\u00e1s destacadas del pa\u00eds. Si bien Ecuador es relativamente peque\u00f1o en comparaci\u00f3n con sus pa\u00edses vecinos (aproximadamente &hellip; Tours Privados Con Gu\u00eda Desde Quito Read More \u00bb\" \/>\n<meta property=\"og:url\" content=\"https:\/\/wanderbusecuador.com\/es\/blog\/\" \/>\n<meta property=\"og:site_name\" content=\"Wanderbus Ecuador\" \/>\n<meta property=\"article:publisher\" content=\"https:\/\/www.facebook.com\/wanderbusecuador\" \/>\n<meta property=\"article:modified_time\" content=\"2026-01-28T19:19:00+00:00\" \/>\n<meta property=\"og:image\" content=\"https:\/\/wanderbusecuador.com\/es\/wp-content\/uploads\/2025\/06\/OZOGOCHE-2.jpg\" \/>\n<meta name=\"twitter:card\" content=\"summary_large_image\" \/>\n<meta name=\"twitter:label1\" content=\"Tiempo de lectura\" \/>\n\t<meta name=\"twitter:data1\" content=\"4 minutos\" \/>\n<script type=\"application\/ld+json\" class=\"yoast-schema-graph\">{\"@context\":\"https:\/\/schema.org\",\"@graph\":[{\"@type\":\"WebPage\",\"@id\":\"https:\/\/wanderbusecuador.com\/es\/blog\/\",\"url\":\"https:\/\/wanderbusecuador.com\/es\/blog\/\",\"name\":\"El Blog de Wanderbus Ecuador &#8212; Wanderbus Ecuador\",\"isPartOf\":{\"@id\":\"https:\/\/wanderbusecuador.com\/es\/#website\"},\"primaryImageOfPage\":{\"@id\":\"https:\/\/wanderbusecuador.com\/es\/blog\/#primaryimage\"},\"image\":{\"@id\":\"https:\/\/wanderbusecuador.com\/es\/blog\/#primaryimage\"},\"thumbnailUrl\":\"https:\/\/wanderbusecuador.com\/es\/wp-content\/uploads\/2025\/06\/OZOGOCHE-2.jpg\",\"datePublished\":\"2021-05-03T01:58:00+00:00\",\"dateModified\":\"2026-01-28T19:19:00+00:00\",\"breadcrumb\":{\"@id\":\"https:\/\/wanderbusecuador.com\/es\/blog\/#breadcrumb\"},\"inLanguage\":\"es\",\"potentialAction\":[{\"@type\":\"ReadAction\",\"target\":[\"https:\/\/wanderbusecuador.com\/es\/blog\/\"]}]},{\"@type\":\"ImageObject\",\"inLanguage\":\"es\",\"@id\":\"https:\/\/wanderbusecuador.com\/es\/blog\/#primaryimage\",\"url\":\"https:\/\/wanderbusecuador.com\/es\/wp-content\/uploads\/2025\/06\/OZOGOCHE-2.jpg\",\"contentUrl\":\"https:\/\/wanderbusecuador.com\/es\/wp-content\/uploads\/2025\/06\/OZOGOCHE-2.jpg\",\"width\":1920,\"height\":1280,\"caption\":\"Conecta con el alma de las comunidades del Ecuador\"},{\"@type\":\"BreadcrumbList\",\"@id\":\"https:\/\/wanderbusecuador.com\/es\/blog\/#breadcrumb\",\"itemListElement\":[{\"@type\":\"ListItem\",\"position\":1,\"name\":\"Incio\",\"item\":\"https:\/\/wanderbusecuador.com\/es\/\"},{\"@type\":\"ListItem\",\"position\":2,\"name\":\"El Blog de Wanderbus Ecuador: Planes y Destinos Que No Te Puedes Perder\"}]},{\"@type\":\"WebSite\",\"@id\":\"https:\/\/wanderbusecuador.com\/es\/#website\",\"url\":\"https:\/\/wanderbusecuador.com\/es\/\",\"name\":\"Wanderbus Ecuador\",\"description\":\"Ecuador Flexible Tours: Go where no one else goes\",\"publisher\":{\"@id\":\"https:\/\/wanderbusecuador.com\/es\/#organization\"},\"potentialAction\":[{\"@type\":\"SearchAction\",\"target\":{\"@type\":\"EntryPoint\",\"urlTemplate\":\"https:\/\/wanderbusecuador.com\/es\/?s={search_term_string}\"},\"query-input\":{\"@type\":\"PropertyValueSpecification\",\"valueRequired\":true,\"valueName\":\"search_term_string\"}}],\"inLanguage\":\"es\"},{\"@type\":\"Organization\",\"@id\":\"https:\/\/wanderbusecuador.com\/es\/#organization\",\"name\":\"Wanderbus Ecuador\",\"url\":\"https:\/\/wanderbusecuador.com\/es\/\",\"logo\":{\"@type\":\"ImageObject\",\"inLanguage\":\"es\",\"@id\":\"https:\/\/wanderbusecuador.com\/es\/#\/schema\/logo\/image\/\",\"url\":\"https:\/\/wanderbusecuador.com\/es\/wp-content\/uploads\/2021\/07\/logo-wb-red.svg\",\"contentUrl\":\"https:\/\/wanderbusecuador.com\/es\/wp-content\/uploads\/2021\/07\/logo-wb-red.svg\",\"caption\":\"Wanderbus Ecuador\"},\"image\":{\"@id\":\"https:\/\/wanderbusecuador.com\/es\/#\/schema\/logo\/image\/\"},\"sameAs\":[\"https:\/\/www.facebook.com\/wanderbusecuador\",\"https:\/\/www.instagram.com\/wanderbusecuador\/?igsh=MWhlcXI2dW9kNGZtbw\"]}]}<\/script>\n<!-- \/ Yoast SEO plugin. -->","yoast_head_json":{"title":"El Blog de Wanderbus Ecuador &#8212; Wanderbus Ecuador","robots":{"index":"index","follow":"follow","max-snippet":"max-snippet:-1","max-image-preview":"max-image-preview:large","max-video-preview":"max-video-preview:-1"},"canonical":"https:\/\/wanderbusecuador.com\/es\/blog\/","og_locale":"es_ES","og_type":"article","og_title":"El Blog de Wanderbus Ecuador &#8212; Wanderbus Ecuador","og_description":"El Blog de Wanderbus Ecuador Planes y Destinos Que No Te Puedes Perder BUSCAR: Conecta con el alma de las comunidades del Ecuador Al hablar de Ecuador, es inevitable adentrarse en su maravillosa cultura, una de las caracter\u00edsticas m\u00e1s destacadas del pa\u00eds. Si bien Ecuador es relativamente peque\u00f1o en comparaci\u00f3n con sus pa\u00edses vecinos (aproximadamente &hellip; Tours Privados Con Gu\u00eda Desde Quito Read More \u00bb","og_url":"https:\/\/wanderbusecuador.com\/es\/blog\/","og_site_name":"Wanderbus Ecuador","article_publisher":"https:\/\/www.facebook.com\/wanderbusecuador","article_modified_time":"2026-01-28T19:19:00+00:00","og_image":[{"url":"https:\/\/wanderbusecuador.com\/es\/wp-content\/uploads\/2025\/06\/OZOGOCHE-2.jpg","type":"","width":"","height":""}],"twitter_card":"summary_large_image","twitter_misc":{"Tiempo de lectura":"4 minutos"},"schema":{"@context":"https:\/\/schema.org","@graph":[{"@type":"WebPage","@id":"https:\/\/wanderbusecuador.com\/es\/blog\/","url":"https:\/\/wanderbusecuador.com\/es\/blog\/","name":"El Blog de Wanderbus Ecuador &#8212; Wanderbus Ecuador","isPartOf":{"@id":"https:\/\/wanderbusecuador.com\/es\/#website"},"primaryImageOfPage":{"@id":"https:\/\/wanderbusecuador.com\/es\/blog\/#primaryimage"},"image":{"@id":"https:\/\/wanderbusecuador.com\/es\/blog\/#primaryimage"},"thumbnailUrl":"https:\/\/wanderbusecuador.com\/es\/wp-content\/uploads\/2025\/06\/OZOGOCHE-2.jpg","datePublished":"2021-05-03T01:58:00+00:00","dateModified":"2026-01-28T19:19:00+00:00","breadcrumb":{"@id":"https:\/\/wanderbusecuador.com\/es\/blog\/#breadcrumb"},"inLanguage":"es","potentialAction":[{"@type":"ReadAction","target":["https:\/\/wanderbusecuador.com\/es\/blog\/"]}]},{"@type":"ImageObject","inLanguage":"es","@id":"https:\/\/wanderbusecuador.com\/es\/blog\/#primaryimage","url":"https:\/\/wanderbusecuador.com\/es\/wp-content\/uploads\/2025\/06\/OZOGOCHE-2.jpg","contentUrl":"https:\/\/wanderbusecuador.com\/es\/wp-content\/uploads\/2025\/06\/OZOGOCHE-2.jpg","width":1920,"height":1280,"caption":"Conecta con el alma de las comunidades del Ecuador"},{"@type":"BreadcrumbList","@id":"https:\/\/wanderbusecuador.com\/es\/blog\/#breadcrumb","itemListElement":[{"@type":"ListItem","position":1,"name":"Incio","item":"https:\/\/wanderbusecuador.com\/es\/"},{"@type":"ListItem","position":2,"name":"El Blog de Wanderbus Ecuador: Planes y Destinos Que No Te Puedes Perder"}]},{"@type":"WebSite","@id":"https:\/\/wanderbusecuador.com\/es\/#website","url":"https:\/\/wanderbusecuador.com\/es\/","name":"Wanderbus Ecuador","description":"Ecuador Flexible Tours: Go where no one else goes","publisher":{"@id":"https:\/\/wanderbusecuador.com\/es\/#organization"},"potentialAction":[{"@type":"SearchAction","target":{"@type":"EntryPoint","urlTemplate":"https:\/\/wanderbusecuador.com\/es\/?s={search_term_string}"},"query-input":{"@type":"PropertyValueSpecification","valueRequired":true,"valueName":"search_term_string"}}],"inLanguage":"es"},{"@type":"Organization","@id":"https:\/\/wanderbusecuador.com\/es\/#organization","name":"Wanderbus Ecuador","url":"https:\/\/wanderbusecuador.com\/es\/","logo":{"@type":"ImageObject","inLanguage":"es","@id":"https:\/\/wanderbusecuador.com\/es\/#\/schema\/logo\/image\/","url":"https:\/\/wanderbusecuador.com\/es\/wp-content\/uploads\/2021\/07\/logo-wb-red.svg","contentUrl":"https:\/\/wanderbusecuador.com\/es\/wp-content\/uploads\/2021\/07\/logo-wb-red.svg","caption":"Wanderbus Ecuador"},"image":{"@id":"https:\/\/wanderbusecuador.com\/es\/#\/schema\/logo\/image\/"},"sameAs":["https:\/\/www.facebook.com\/wanderbusecuador","https:\/\/www.instagram.com\/wanderbusecuador\/?igsh=MWhlcXI2dW9kNGZtbw"]}]}},"uagb_featured_image_src":{"full":false,"thumbnail":false,"medium":false,"medium_large":false,"large":false,"1536x1536":false,"2048x2048":false},"uagb_author_info":{"display_name":"wanderbus_9426","author_link":"https:\/\/wanderbusecuador.com\/es\/author\/wanderbus_9426\/"},"uagb_comment_info":0,"uagb_excerpt":"El Blog de Wanderbus Ecuador Planes y Destinos Que No Te Puedes Perder BUSCAR: Conecta con el alma de las comunidades del Ecuador Al hablar de Ecuador, es inevitable adentrarse en su maravillosa cultura, una de las caracter\u00edsticas m\u00e1s destacadas del pa\u00eds. Si bien Ecuador es relativamente peque\u00f1o en comparaci\u00f3n con sus pa\u00edses vecinos (aproximadamente&hellip;","_links":{"self":[{"href":"https:\/\/wanderbusecuador.com\/es\/wp-json\/wp\/v2\/pages\/1576","targetHints":{"allow":["GET"]}}],"collection":[{"href":"https:\/\/wanderbusecuador.com\/es\/wp-json\/wp\/v2\/pages"}],"about":[{"href":"https:\/\/wanderbusecuador.com\/es\/wp-json\/wp\/v2\/types\/page"}],"author":[{"embeddable":true,"href":"https:\/\/wanderbusecuador.com\/es\/wp-json\/wp\/v2\/users\/1"}],"replies":[{"embeddable":true,"href":"https:\/\/wanderbusecuador.com\/es\/wp-json\/wp\/v2\/comments?post=1576"}],"version-history":[{"count":60,"href":"https:\/\/wanderbusecuador.com\/es\/wp-json\/wp\/v2\/pages\/1576\/revisions"}],"predecessor-version":[{"id":23362,"href":"https:\/\/wanderbusecuador.com\/es\/wp-json\/wp\/v2\/pages\/1576\/revisions\/23362"}],"wp:attachment":[{"href":"https:\/\/wanderbusecuador.com\/es\/wp-json\/wp\/v2\/media?parent=1576"}],"curies":[{"name":"wp","href":"https:\/\/api.w.org\/{rel}","templated":true}]}}