{"id":23203,"date":"2023-01-25T22:54:18","date_gmt":"2023-01-26T03:54:18","guid":{"rendered":"https:\/\/wanderbusecuador.com\/es\/?page_id=23203"},"modified":"2023-01-25T22:57:20","modified_gmt":"2023-01-26T03:57:20","slug":"politicas-privacidad","status":"publish","type":"page","link":"https:\/\/wanderbusecuador.com\/es\/politicas-privacidad\/","title":{"rendered":"Politicas privacidad"},"content":{"rendered":"\t\t<div data-elementor-type=\"wp-page\" data-elementor-id=\"23203\" class=\"elementor elementor-23203\">\n\t\t\t\t\t\t<div class=\"elementor-inner\">\n\t\t\t\t<div class=\"elementor-section-wrap\">\n\t\t\t\t\t\t\t\t\t<section class=\"elementor-section elementor-top-section elementor-element elementor-element-c50838b elementor-section-height-min-height elementor-section-boxed elementor-section-height-default elementor-section-items-middle\" data-id=\"c50838b\" data-element_type=\"section\" data-settings=\"{&quot;background_background&quot;:&quot;classic&quot;}\">\n\t\t\t\t\t\t\t<div class=\"elementor-background-overlay\"><\/div>\n\t\t\t\t\t\t\t<div class=\"elementor-container elementor-column-gap-default\">\n\t\t\t\t\t\t\t<div class=\"elementor-row\">\n\t\t\t\t\t<div class=\"elementor-column elementor-col-33 elementor-top-column elementor-element elementor-element-2f84d6d\" data-id=\"2f84d6d\" data-element_type=\"column\">\n\t\t\t<div class=\"elementor-column-wrap\">\n\t\t\t\t\t\t\t<div class=\"elementor-widget-wrap\">\n\t\t\t\t\t\t\t\t<\/div>\n\t\t\t\t\t<\/div>\n\t\t<\/div>\n\t\t\t\t<div class=\"elementor-column elementor-col-33 elementor-top-column elementor-element elementor-element-55b0429\" data-id=\"55b0429\" data-element_type=\"column\">\n\t\t\t<div class=\"elementor-column-wrap elementor-element-populated\">\n\t\t\t\t\t\t\t<div class=\"elementor-widget-wrap\">\n\t\t\t\t\t\t<div class=\"elementor-element elementor-element-453e782 elementor-widget elementor-widget-heading\" data-id=\"453e782\" data-element_type=\"widget\" data-widget_type=\"heading.default\">\n\t\t\t\t<div class=\"elementor-widget-container\">\n\t\t\t<h1 class=\"elementor-heading-title elementor-size-default\">Pol\u00edticas de Privacidad de Datos<\/h1>\t\t<\/div>\n\t\t\t\t<\/div>\n\t\t\t\t<div class=\"elementor-element elementor-element-92570e2 elementor-widget-divider--view-line elementor-widget elementor-widget-divider\" data-id=\"92570e2\" data-element_type=\"widget\" data-widget_type=\"divider.default\">\n\t\t\t\t<div class=\"elementor-widget-container\">\n\t\t\t\t\t<div class=\"elementor-divider\">\n\t\t\t<span class=\"elementor-divider-separator\">\n\t\t\t\t\t\t<\/span>\n\t\t<\/div>\n\t\t\t\t<\/div>\n\t\t\t\t<\/div>\n\t\t\t\t<div class=\"elementor-element elementor-element-3428592 elementor-widget elementor-widget-heading\" data-id=\"3428592\" data-element_type=\"widget\" data-widget_type=\"heading.default\">\n\t\t\t\t<div class=\"elementor-widget-container\">\n\t\t\t<h3 class=\"elementor-heading-title elementor-size-default\">Wanderbus<\/h3>\t\t<\/div>\n\t\t\t\t<\/div>\n\t\t\t\t\t\t<\/div>\n\t\t\t\t\t<\/div>\n\t\t<\/div>\n\t\t\t\t<div class=\"elementor-column elementor-col-33 elementor-top-column elementor-element elementor-element-79b148e\" data-id=\"79b148e\" data-element_type=\"column\">\n\t\t\t<div class=\"elementor-column-wrap\">\n\t\t\t\t\t\t\t<div class=\"elementor-widget-wrap\">\n\t\t\t\t\t\t\t\t<\/div>\n\t\t\t\t\t<\/div>\n\t\t<\/div>\n\t\t\t\t\t\t\t\t<\/div>\n\t\t\t\t\t<\/div>\n\t\t<\/section>\n\t\t\t\t<section class=\"elementor-section elementor-top-section elementor-element elementor-element-b660a39 elementor-section-boxed elementor-section-height-default elementor-section-height-default\" data-id=\"b660a39\" data-element_type=\"section\" data-settings=\"{&quot;background_background&quot;:&quot;classic&quot;}\">\n\t\t\t\t\t\t<div class=\"elementor-container elementor-column-gap-default\">\n\t\t\t\t\t\t\t<div class=\"elementor-row\">\n\t\t\t\t\t<div class=\"elementor-column elementor-col-25 elementor-top-column elementor-element elementor-element-21ddccc\" data-id=\"21ddccc\" data-element_type=\"column\">\n\t\t\t<div class=\"elementor-column-wrap\">\n\t\t\t\t\t\t\t<div class=\"elementor-widget-wrap\">\n\t\t\t\t\t\t\t\t<\/div>\n\t\t\t\t\t<\/div>\n\t\t<\/div>\n\t\t\t\t<div class=\"elementor-column elementor-col-50 elementor-top-column elementor-element elementor-element-89dc743\" data-id=\"89dc743\" data-element_type=\"column\" data-settings=\"{&quot;background_background&quot;:&quot;classic&quot;}\">\n\t\t\t<div class=\"elementor-column-wrap elementor-element-populated\">\n\t\t\t\t\t\t\t<div class=\"elementor-widget-wrap\">\n\t\t\t\t\t\t<div class=\"elementor-element elementor-element-7ed5c9a elementor-widget elementor-widget-heading\" data-id=\"7ed5c9a\" data-element_type=\"widget\" data-widget_type=\"heading.default\">\n\t\t\t\t<div class=\"elementor-widget-container\">\n\t\t\t<h2 class=\"elementor-heading-title elementor-size-default\">Protecci\u00f3n de datos personales<\/h2>\t\t<\/div>\n\t\t\t\t<\/div>\n\t\t\t\t<div class=\"elementor-element elementor-element-5b5357b elementor-widget-divider--view-line elementor-widget elementor-widget-divider\" data-id=\"5b5357b\" data-element_type=\"widget\" data-widget_type=\"divider.default\">\n\t\t\t\t<div class=\"elementor-widget-container\">\n\t\t\t\t\t<div class=\"elementor-divider\">\n\t\t\t<span class=\"elementor-divider-separator\">\n\t\t\t\t\t\t<\/span>\n\t\t<\/div>\n\t\t\t\t<\/div>\n\t\t\t\t<\/div>\n\t\t\t\t<div class=\"elementor-element elementor-element-ff23452 elementor-widget elementor-widget-text-editor\" data-id=\"ff23452\" data-element_type=\"widget\" data-widget_type=\"text-editor.default\">\n\t\t\t\t<div class=\"elementor-widget-container\">\n\t\t\t\t\t\t\t\t<div class=\"elementor-text-editor elementor-clearfix\">\n\t\t\t\t<p>El titular de los datos acepta y emite su consentimiento unilateral de manera libre y voluntaria para el tratamiento de sus datos personales para que sean: recolectados a trav\u00e9s de nuestros canales electr\u00f3nicos o por cualquier medio, almacenados, procesados, transmitidos y eliminados o para ser objeto de cualquier tratamiento o conjunto de tratamientos a realizar, ya sea por procedimientos t\u00e9cnicos de car\u00e1cter automatizado, parcialmente automatizado o no automatizados por el Comercio o su delegado, con la finalidad de identificar, actualizar sus datos y ofrecerle servicios y\/o productos a trav\u00e9s de los canales digitales o cualquier otro medio.<\/p><p>La transmisi\u00f3n y almacenamiento de la informaci\u00f3n recopilada por el Comercio o su delegado, ser\u00e1 realizada en la infraestructura que este administre, dentro o fuera del territorio ecuatoriano. Esta infraestructura puede ser implementada en servidores f\u00edsicos o en la nube de proveedores que cuenten con las debidas certificaciones internacionales para el tratamiento de Seguridad de la Informaci\u00f3n.<\/p><p>Adicionalmente, mediante la presente el titular de los datos declara conocer y aceptar el Aviso de Pol\u00edtica de Privacidad de Place To Play en la cual se indican sus derechos, datos tratados y las actividades comerciales de los aliados, as\u00ed como otros datos de inter\u00e9s respecto a la protecci\u00f3n de datos personales, que se encuentran detallados en el sitio web de Place To Play en la ruta https:\/\/www.placetopay.com\/web\/politicas-de-privacidad\/ , mediante la cual, se podr\u00e1 solicitar la gesti\u00f3n de derechos o consentimientos.<\/p><p>El Comercio o su delegado notificar\u00e1 sobre las actualizaciones del Aviso de Pol\u00edtica de Privacidad antes mencionado por medio de los diferentes canales digitales.<\/p>\t\t\t\t\t<\/div>\n\t\t\t\t\t\t<\/div>\n\t\t\t\t<\/div>\n\t\t\t\t\t\t<\/div>\n\t\t\t\t\t<\/div>\n\t\t<\/div>\n\t\t\t\t<div class=\"elementor-column elementor-col-25 elementor-top-column elementor-element elementor-element-0de8cac\" data-id=\"0de8cac\" data-element_type=\"column\">\n\t\t\t<div class=\"elementor-column-wrap\">\n\t\t\t\t\t\t\t<div class=\"elementor-widget-wrap\">\n\t\t\t\t\t\t\t\t<\/div>\n\t\t\t\t\t<\/div>\n\t\t<\/div>\n\t\t\t\t\t\t\t\t<\/div>\n\t\t\t\t\t<\/div>\n\t\t<\/section>\n\t\t\t\t\t\t\t\t\t<\/div>\n\t\t\t<\/div>\n\t\t\t\t\t<\/div>\n\t\t","protected":false},"excerpt":{"rendered":"<p>Pol\u00edticas de Privacidad de Datos Wanderbus Protecci\u00f3n de datos personales El titular de los datos acepta y emite su consentimiento unilateral de manera libre y voluntaria para el tratamiento de sus datos personales para que sean: recolectados a trav\u00e9s de nuestros canales electr\u00f3nicos o por cualquier medio, almacenados, procesados, transmitidos y eliminados o para ser &hellip;<\/p>\n<p class=\"read-more\"> <a class=\"\" href=\"https:\/\/wanderbusecuador.com\/es\/politicas-privacidad\/\"> <span class=\"screen-reader-text\">Politicas privacidad<\/span> Read More \u00bb<\/a><\/p>\n","protected":false},"author":28,"featured_media":0,"parent":0,"menu_order":0,"comment_status":"closed","ping_status":"closed","template":"","meta":{"content-type":"","_uag_custom_page_level_css":"","site-sidebar-layout":"no-sidebar","site-content-layout":"page-builder","ast-global-header-display":"","ast-main-header-display":"","ast-hfb-above-header-display":"","ast-hfb-below-header-display":"","ast-hfb-mobile-header-display":"","site-post-title":"disabled","ast-breadcrumbs-content":"","ast-featured-img":"disabled","footer-sml-layout":"","theme-transparent-header-meta":"enabled","adv-header-id-meta":"","stick-header-meta":"","header-above-stick-meta":"","header-main-stick-meta":"","header-below-stick-meta":"","footnotes":""},"class_list":["post-23203","page","type-page","status-publish","hentry"],"yoast_head":"<!-- This site is optimized with the Yoast SEO plugin v26.2 - https:\/\/yoast.com\/wordpress\/plugins\/seo\/ -->\n<title>Politicas privacidad &#8212; Wanderbus Ecuador<\/title>\n<meta name=\"robots\" content=\"index, follow, max-snippet:-1, max-image-preview:large, max-video-preview:-1\" \/>\n<link rel=\"canonical\" href=\"https:\/\/wanderbusecuador.com\/es\/politicas-privacidad\/\" \/>\n<meta property=\"og:locale\" content=\"es_ES\" \/>\n<meta property=\"og:type\" content=\"article\" \/>\n<meta property=\"og:title\" content=\"Politicas privacidad &#8212; Wanderbus Ecuador\" \/>\n<meta property=\"og:description\" content=\"Pol\u00edticas de Privacidad de Datos Wanderbus Protecci\u00f3n de datos personales El titular de los datos acepta y emite su consentimiento unilateral de manera libre y voluntaria para el tratamiento de sus datos personales para que sean: recolectados a trav\u00e9s de nuestros canales electr\u00f3nicos o por cualquier medio, almacenados, procesados, transmitidos y eliminados o para ser &hellip; Politicas privacidad Read More \u00bb\" \/>\n<meta property=\"og:url\" content=\"https:\/\/wanderbusecuador.com\/es\/politicas-privacidad\/\" \/>\n<meta property=\"og:site_name\" content=\"Wanderbus Ecuador\" \/>\n<meta property=\"article:publisher\" content=\"https:\/\/www.facebook.com\/wanderbusecuador\" \/>\n<meta property=\"article:modified_time\" content=\"2023-01-26T03:57:20+00:00\" \/>\n<meta name=\"twitter:card\" content=\"summary_large_image\" \/>\n<meta name=\"twitter:label1\" content=\"Tiempo de lectura\" \/>\n\t<meta name=\"twitter:data1\" content=\"1 minuto\" \/>\n<script type=\"application\/ld+json\" class=\"yoast-schema-graph\">{\"@context\":\"https:\/\/schema.org\",\"@graph\":[{\"@type\":\"WebPage\",\"@id\":\"https:\/\/wanderbusecuador.com\/es\/politicas-privacidad\/\",\"url\":\"https:\/\/wanderbusecuador.com\/es\/politicas-privacidad\/\",\"name\":\"Politicas privacidad &#8212; Wanderbus Ecuador\",\"isPartOf\":{\"@id\":\"https:\/\/wanderbusecuador.com\/es\/#website\"},\"datePublished\":\"2023-01-26T03:54:18+00:00\",\"dateModified\":\"2023-01-26T03:57:20+00:00\",\"breadcrumb\":{\"@id\":\"https:\/\/wanderbusecuador.com\/es\/politicas-privacidad\/#breadcrumb\"},\"inLanguage\":\"es\",\"potentialAction\":[{\"@type\":\"ReadAction\",\"target\":[\"https:\/\/wanderbusecuador.com\/es\/politicas-privacidad\/\"]}]},{\"@type\":\"BreadcrumbList\",\"@id\":\"https:\/\/wanderbusecuador.com\/es\/politicas-privacidad\/#breadcrumb\",\"itemListElement\":[{\"@type\":\"ListItem\",\"position\":1,\"name\":\"Incio\",\"item\":\"https:\/\/wanderbusecuador.com\/es\/\"},{\"@type\":\"ListItem\",\"position\":2,\"name\":\"Politicas privacidad\"}]},{\"@type\":\"WebSite\",\"@id\":\"https:\/\/wanderbusecuador.com\/es\/#website\",\"url\":\"https:\/\/wanderbusecuador.com\/es\/\",\"name\":\"Wanderbus Ecuador\",\"description\":\"Ecuador Flexible Tours: Go where no one else goes\",\"publisher\":{\"@id\":\"https:\/\/wanderbusecuador.com\/es\/#organization\"},\"potentialAction\":[{\"@type\":\"SearchAction\",\"target\":{\"@type\":\"EntryPoint\",\"urlTemplate\":\"https:\/\/wanderbusecuador.com\/es\/?s={search_term_string}\"},\"query-input\":{\"@type\":\"PropertyValueSpecification\",\"valueRequired\":true,\"valueName\":\"search_term_string\"}}],\"inLanguage\":\"es\"},{\"@type\":\"Organization\",\"@id\":\"https:\/\/wanderbusecuador.com\/es\/#organization\",\"name\":\"Wanderbus Ecuador\",\"url\":\"https:\/\/wanderbusecuador.com\/es\/\",\"logo\":{\"@type\":\"ImageObject\",\"inLanguage\":\"es\",\"@id\":\"https:\/\/wanderbusecuador.com\/es\/#\/schema\/logo\/image\/\",\"url\":\"https:\/\/wanderbusecuador.com\/es\/wp-content\/uploads\/2021\/07\/logo-wb-red.svg\",\"contentUrl\":\"https:\/\/wanderbusecuador.com\/es\/wp-content\/uploads\/2021\/07\/logo-wb-red.svg\",\"caption\":\"Wanderbus Ecuador\"},\"image\":{\"@id\":\"https:\/\/wanderbusecuador.com\/es\/#\/schema\/logo\/image\/\"},\"sameAs\":[\"https:\/\/www.facebook.com\/wanderbusecuador\",\"https:\/\/www.instagram.com\/wanderbusecuador\/?igsh=MWhlcXI2dW9kNGZtbw\"]}]}<\/script>\n<!-- \/ Yoast SEO plugin. -->","yoast_head_json":{"title":"Politicas privacidad &#8212; Wanderbus Ecuador","robots":{"index":"index","follow":"follow","max-snippet":"max-snippet:-1","max-image-preview":"max-image-preview:large","max-video-preview":"max-video-preview:-1"},"canonical":"https:\/\/wanderbusecuador.com\/es\/politicas-privacidad\/","og_locale":"es_ES","og_type":"article","og_title":"Politicas privacidad &#8212; Wanderbus Ecuador","og_description":"Pol\u00edticas de Privacidad de Datos Wanderbus Protecci\u00f3n de datos personales El titular de los datos acepta y emite su consentimiento unilateral de manera libre y voluntaria para el tratamiento de sus datos personales para que sean: recolectados a trav\u00e9s de nuestros canales electr\u00f3nicos o por cualquier medio, almacenados, procesados, transmitidos y eliminados o para ser &hellip; Politicas privacidad Read More \u00bb","og_url":"https:\/\/wanderbusecuador.com\/es\/politicas-privacidad\/","og_site_name":"Wanderbus Ecuador","article_publisher":"https:\/\/www.facebook.com\/wanderbusecuador","article_modified_time":"2023-01-26T03:57:20+00:00","twitter_card":"summary_large_image","twitter_misc":{"Tiempo de lectura":"1 minuto"},"schema":{"@context":"https:\/\/schema.org","@graph":[{"@type":"WebPage","@id":"https:\/\/wanderbusecuador.com\/es\/politicas-privacidad\/","url":"https:\/\/wanderbusecuador.com\/es\/politicas-privacidad\/","name":"Politicas privacidad &#8212; Wanderbus Ecuador","isPartOf":{"@id":"https:\/\/wanderbusecuador.com\/es\/#website"},"datePublished":"2023-01-26T03:54:18+00:00","dateModified":"2023-01-26T03:57:20+00:00","breadcrumb":{"@id":"https:\/\/wanderbusecuador.com\/es\/politicas-privacidad\/#breadcrumb"},"inLanguage":"es","potentialAction":[{"@type":"ReadAction","target":["https:\/\/wanderbusecuador.com\/es\/politicas-privacidad\/"]}]},{"@type":"BreadcrumbList","@id":"https:\/\/wanderbusecuador.com\/es\/politicas-privacidad\/#breadcrumb","itemListElement":[{"@type":"ListItem","position":1,"name":"Incio","item":"https:\/\/wanderbusecuador.com\/es\/"},{"@type":"ListItem","position":2,"name":"Politicas privacidad"}]},{"@type":"WebSite","@id":"https:\/\/wanderbusecuador.com\/es\/#website","url":"https:\/\/wanderbusecuador.com\/es\/","name":"Wanderbus Ecuador","description":"Ecuador Flexible Tours: Go where no one else goes","publisher":{"@id":"https:\/\/wanderbusecuador.com\/es\/#organization"},"potentialAction":[{"@type":"SearchAction","target":{"@type":"EntryPoint","urlTemplate":"https:\/\/wanderbusecuador.com\/es\/?s={search_term_string}"},"query-input":{"@type":"PropertyValueSpecification","valueRequired":true,"valueName":"search_term_string"}}],"inLanguage":"es"},{"@type":"Organization","@id":"https:\/\/wanderbusecuador.com\/es\/#organization","name":"Wanderbus Ecuador","url":"https:\/\/wanderbusecuador.com\/es\/","logo":{"@type":"ImageObject","inLanguage":"es","@id":"https:\/\/wanderbusecuador.com\/es\/#\/schema\/logo\/image\/","url":"https:\/\/wanderbusecuador.com\/es\/wp-content\/uploads\/2021\/07\/logo-wb-red.svg","contentUrl":"https:\/\/wanderbusecuador.com\/es\/wp-content\/uploads\/2021\/07\/logo-wb-red.svg","caption":"Wanderbus Ecuador"},"image":{"@id":"https:\/\/wanderbusecuador.com\/es\/#\/schema\/logo\/image\/"},"sameAs":["https:\/\/www.facebook.com\/wanderbusecuador","https:\/\/www.instagram.com\/wanderbusecuador\/?igsh=MWhlcXI2dW9kNGZtbw"]}]}},"uagb_featured_image_src":{"full":false,"thumbnail":false,"medium":false,"medium_large":false,"large":false,"1536x1536":false,"2048x2048":false},"uagb_author_info":{"display_name":"Polivio Onofa","author_link":"https:\/\/wanderbusecuador.com\/es\/author\/polivio\/"},"uagb_comment_info":0,"uagb_excerpt":"Pol\u00edticas de Privacidad de Datos Wanderbus Protecci\u00f3n de datos personales El titular de los datos acepta y emite su consentimiento unilateral de manera libre y voluntaria para el tratamiento de sus datos personales para que sean: recolectados a trav\u00e9s de nuestros canales electr\u00f3nicos o por cualquier medio, almacenados, procesados, transmitidos y eliminados o para ser&hellip;","_links":{"self":[{"href":"https:\/\/wanderbusecuador.com\/es\/wp-json\/wp\/v2\/pages\/23203","targetHints":{"allow":["GET"]}}],"collection":[{"href":"https:\/\/wanderbusecuador.com\/es\/wp-json\/wp\/v2\/pages"}],"about":[{"href":"https:\/\/wanderbusecuador.com\/es\/wp-json\/wp\/v2\/types\/page"}],"author":[{"embeddable":true,"href":"https:\/\/wanderbusecuador.com\/es\/wp-json\/wp\/v2\/users\/28"}],"replies":[{"embeddable":true,"href":"https:\/\/wanderbusecuador.com\/es\/wp-json\/wp\/v2\/comments?post=23203"}],"version-history":[{"count":7,"href":"https:\/\/wanderbusecuador.com\/es\/wp-json\/wp\/v2\/pages\/23203\/revisions"}],"predecessor-version":[{"id":23210,"href":"https:\/\/wanderbusecuador.com\/es\/wp-json\/wp\/v2\/pages\/23203\/revisions\/23210"}],"wp:attachment":[{"href":"https:\/\/wanderbusecuador.com\/es\/wp-json\/wp\/v2\/media?parent=23203"}],"curies":[{"name":"wp","href":"https:\/\/api.w.org\/{rel}","templated":true}]}}