{"id":809,"date":"2021-03-24T16:07:38","date_gmt":"2021-03-24T21:07:38","guid":{"rendered":"https:\/\/www.wanderbusecuador.com\/?page_id=809"},"modified":"2025-11-10T16:27:03","modified_gmt":"2025-11-10T21:27:03","slug":"cotopaxi","status":"publish","type":"page","link":"https:\/\/wanderbusecuador.com\/es\/cotopaxi\/","title":{"rendered":"Cotopaxi"},"content":{"rendered":"\t\t<div data-elementor-type=\"wp-page\" data-elementor-id=\"809\" class=\"elementor elementor-809\">\n\t\t\t\t\t\t<div class=\"elementor-inner\">\n\t\t\t\t<div class=\"elementor-section-wrap\">\n\t\t\t\t\t\t\t\t\t<section class=\"elementor-section elementor-top-section elementor-element elementor-element-c50838b elementor-section-height-full elementor-section-boxed elementor-section-height-default elementor-section-items-middle\" data-id=\"c50838b\" data-element_type=\"section\" data-settings=\"{&quot;background_background&quot;:&quot;classic&quot;}\">\n\t\t\t\t\t\t\t<div class=\"elementor-background-overlay\"><\/div>\n\t\t\t\t\t\t\t<div class=\"elementor-container elementor-column-gap-default\">\n\t\t\t\t\t\t\t<div class=\"elementor-row\">\n\t\t\t\t\t<div class=\"elementor-column elementor-col-33 elementor-top-column elementor-element elementor-element-2f84d6d\" data-id=\"2f84d6d\" data-element_type=\"column\">\n\t\t\t<div class=\"elementor-column-wrap\">\n\t\t\t\t\t\t\t<div class=\"elementor-widget-wrap\">\n\t\t\t\t\t\t\t\t<\/div>\n\t\t\t\t\t<\/div>\n\t\t<\/div>\n\t\t\t\t<div class=\"elementor-column elementor-col-33 elementor-top-column elementor-element elementor-element-55b0429\" data-id=\"55b0429\" data-element_type=\"column\">\n\t\t\t<div class=\"elementor-column-wrap elementor-element-populated\">\n\t\t\t\t\t\t\t<div class=\"elementor-widget-wrap\">\n\t\t\t\t\t\t<div class=\"elementor-element elementor-element-453e782 elementor-widget elementor-widget-heading\" data-id=\"453e782\" data-element_type=\"widget\" data-widget_type=\"heading.default\">\n\t\t\t\t<div class=\"elementor-widget-container\">\n\t\t\t<h1 class=\"elementor-heading-title elementor-size-default\">Wander Cotopaxi<\/h1>\t\t<\/div>\n\t\t\t\t<\/div>\n\t\t\t\t<div class=\"elementor-element elementor-element-92570e2 elementor-widget-divider--view-line elementor-widget elementor-widget-divider\" data-id=\"92570e2\" data-element_type=\"widget\" data-widget_type=\"divider.default\">\n\t\t\t\t<div class=\"elementor-widget-container\">\n\t\t\t\t\t<div class=\"elementor-divider\">\n\t\t\t<span class=\"elementor-divider-separator\">\n\t\t\t\t\t\t<\/span>\n\t\t<\/div>\n\t\t\t\t<\/div>\n\t\t\t\t<\/div>\n\t\t\t\t<div class=\"elementor-element elementor-element-3428592 elementor-widget elementor-widget-heading\" data-id=\"3428592\" data-element_type=\"widget\" data-widget_type=\"heading.default\">\n\t\t\t\t<div class=\"elementor-widget-container\">\n\t\t\t<h3 class=\"elementor-heading-title elementor-size-default\">Una maravilla para contemplar de cerca<\/h3>\t\t<\/div>\n\t\t\t\t<\/div>\n\t\t\t\t\t\t<\/div>\n\t\t\t\t\t<\/div>\n\t\t<\/div>\n\t\t\t\t<div class=\"elementor-column elementor-col-33 elementor-top-column elementor-element elementor-element-79b148e\" data-id=\"79b148e\" data-element_type=\"column\">\n\t\t\t<div class=\"elementor-column-wrap\">\n\t\t\t\t\t\t\t<div class=\"elementor-widget-wrap\">\n\t\t\t\t\t\t\t\t<\/div>\n\t\t\t\t\t<\/div>\n\t\t<\/div>\n\t\t\t\t\t\t\t\t<\/div>\n\t\t\t\t\t<\/div>\n\t\t<\/section>\n\t\t\t\t<section class=\"elementor-section elementor-top-section elementor-element elementor-element-b660a39 elementor-section-boxed elementor-section-height-default elementor-section-height-default\" data-id=\"b660a39\" data-element_type=\"section\" data-settings=\"{&quot;background_background&quot;:&quot;classic&quot;}\">\n\t\t\t\t\t\t<div class=\"elementor-container elementor-column-gap-default\">\n\t\t\t\t\t\t\t<div class=\"elementor-row\">\n\t\t\t\t\t<div class=\"elementor-column elementor-col-25 elementor-top-column elementor-element elementor-element-21ddccc\" data-id=\"21ddccc\" data-element_type=\"column\">\n\t\t\t<div class=\"elementor-column-wrap\">\n\t\t\t\t\t\t\t<div class=\"elementor-widget-wrap\">\n\t\t\t\t\t\t\t\t<\/div>\n\t\t\t\t\t<\/div>\n\t\t<\/div>\n\t\t\t\t<div class=\"elementor-column elementor-col-50 elementor-top-column elementor-element elementor-element-89dc743\" data-id=\"89dc743\" data-element_type=\"column\" data-settings=\"{&quot;background_background&quot;:&quot;classic&quot;}\">\n\t\t\t<div class=\"elementor-column-wrap elementor-element-populated\">\n\t\t\t\t\t\t\t<div class=\"elementor-widget-wrap\">\n\t\t\t\t\t\t<div class=\"elementor-element elementor-element-7ed5c9a elementor-widget elementor-widget-heading\" data-id=\"7ed5c9a\" data-element_type=\"widget\" data-widget_type=\"heading.default\">\n\t\t\t\t<div class=\"elementor-widget-container\">\n\t\t\t<h2 class=\"elementor-heading-title elementor-size-default\">\u00bfPor qu\u00e9 visitar Cotopaxi?<\/h2>\t\t<\/div>\n\t\t\t\t<\/div>\n\t\t\t\t<div class=\"elementor-element elementor-element-5b5357b elementor-widget-divider--view-line elementor-widget elementor-widget-divider\" data-id=\"5b5357b\" data-element_type=\"widget\" data-widget_type=\"divider.default\">\n\t\t\t\t<div class=\"elementor-widget-container\">\n\t\t\t\t\t<div class=\"elementor-divider\">\n\t\t\t<span class=\"elementor-divider-separator\">\n\t\t\t\t\t\t<\/span>\n\t\t<\/div>\n\t\t\t\t<\/div>\n\t\t\t\t<\/div>\n\t\t\t\t<div class=\"elementor-element elementor-element-ff23452 elementor-widget elementor-widget-text-editor\" data-id=\"ff23452\" data-element_type=\"widget\" data-widget_type=\"text-editor.default\">\n\t\t\t\t<div class=\"elementor-widget-container\">\n\t\t\t\t\t\t\t\t<div class=\"elementor-text-editor elementor-clearfix\">\n\t\t\t\t<p><span style=\"font-size: 16px; font-style: normal; font-weight: 400;\">Un gigante que se puede ver desde varias provincias ecuatorianas en la Sierra, este nevado es verdaderamente una maravilla tanto de lejos como de cerca. Rodeado por el Parque Nacional Cotopaxi, el volc\u00e1n activo de 5.897 metros de altura, que se reactiv\u00f3 en 2015 resultando en varias semanas de ceniza, es la gloriosa pieza central de innumerables atracciones, desde lagos resplandecientes hasta c\u00f3ndores al vuelo y misteriosas comunidades ind\u00edgenas. La aventura te espera con un men\u00fa variado de campings, escalada y ciclismo de monta\u00f1a.<\/span><\/p>\t\t\t\t\t<\/div>\n\t\t\t\t\t\t<\/div>\n\t\t\t\t<\/div>\n\t\t\t\t<div class=\"elementor-element elementor-element-34560fc elementor-widget elementor-widget-heading\" data-id=\"34560fc\" data-element_type=\"widget\" data-widget_type=\"heading.default\">\n\t\t\t\t<div class=\"elementor-widget-container\">\n\t\t\t<h2 class=\"elementor-heading-title elementor-size-default\">Qu\u00e9 hacer en Cotopaxi<\/h2>\t\t<\/div>\n\t\t\t\t<\/div>\n\t\t\t\t<div class=\"elementor-element elementor-element-caf0087 elementor-widget-divider--view-line elementor-widget elementor-widget-divider\" data-id=\"caf0087\" data-element_type=\"widget\" data-widget_type=\"divider.default\">\n\t\t\t\t<div class=\"elementor-widget-container\">\n\t\t\t\t\t<div class=\"elementor-divider\">\n\t\t\t<span class=\"elementor-divider-separator\">\n\t\t\t\t\t\t<\/span>\n\t\t<\/div>\n\t\t\t\t<\/div>\n\t\t\t\t<\/div>\n\t\t\t\t<section class=\"elementor-section elementor-inner-section elementor-element elementor-element-89cecc7 elementor-section-boxed elementor-section-height-default elementor-section-height-default\" data-id=\"89cecc7\" data-element_type=\"section\">\n\t\t\t\t\t\t<div class=\"elementor-container elementor-column-gap-default\">\n\t\t\t\t\t\t\t<div class=\"elementor-row\">\n\t\t\t\t\t<div class=\"elementor-column elementor-col-100 elementor-inner-column elementor-element elementor-element-f645ded\" data-id=\"f645ded\" data-element_type=\"column\">\n\t\t\t<div class=\"elementor-column-wrap elementor-element-populated\">\n\t\t\t\t\t\t\t<div class=\"elementor-widget-wrap\">\n\t\t\t\t\t\t<div class=\"elementor-element elementor-element-da4185d elementor-widget elementor-widget-text-editor\" data-id=\"da4185d\" data-element_type=\"widget\" data-widget_type=\"text-editor.default\">\n\t\t\t\t<div class=\"elementor-widget-container\">\n\t\t\t\t\t\t\t\t<div class=\"elementor-text-editor elementor-clearfix\">\n\t\t\t\t<ul><li style=\"font-size: 16px;\">Sube a la cima de uno de los volcanes activos m\u00e1s grandes del mundo.<\/li><li style=\"font-size: 16px;\">Haz ciclismo de monta\u00f1a desde el refugio del volc\u00e1n o alrededor de los senderos del parque.<\/li><li style=\"font-size: 16px;\">Galopa junto a los caballos salvajes con el volc\u00e1n como tel\u00f3n de fondo en una excursi\u00f3n a caballo.<\/li><li style=\"font-size: 16px;\">Observa una legi\u00f3n de aves, desde colibr\u00edes hasta aves de rapi\u00f1a.<\/li><li style=\"font-size: 16px;\">Camina alrededor del lago Limpiopungo, que brilla como un espejo, al pie del volc\u00e1n Rumi\u00f1ahui.<\/li><\/ul>\t\t\t\t\t<\/div>\n\t\t\t\t\t\t<\/div>\n\t\t\t\t<\/div>\n\t\t\t\t<div class=\"elementor-element elementor-element-c66c67d elementor-widget elementor-widget-text-editor\" data-id=\"c66c67d\" data-element_type=\"widget\" data-widget_type=\"text-editor.default\">\n\t\t\t\t<div class=\"elementor-widget-container\">\n\t\t\t\t\t\t\t\t<div class=\"elementor-text-editor elementor-clearfix\">\n\t\t\t\t<h3>Comida y bebida<\/h3>\n<p><span style=\"font-size: 16px; font-style: normal; font-weight: 400;\">Come como local junto al volc\u00e1n, probando las innumerables variaciones de platos de ma\u00edz y carne de cerdo, y el conejillo de indias o cuy para los m\u00e1s audaces. A esta altura, no se recomienda beber en exceso, pero para activar el calor corporal, un shot de licor de ca\u00f1a no va mal.<\/span><br><\/p>\n<h3>Top tip<\/h3>\n<p><span style=\"font-size: 16px; font-style: normal; font-weight: 400;\">La altitud aqu\u00ed no es broma, y el mal de altura puede resultar en v\u00f3mitos, dolores de cabeza y potencialmente tener que regresar a una altitud m\u00e1s baja. Aseg\u00farate de estar primero un par de d\u00edas en Quito para aclimatarte y tomarte las cosas con calma a tu llegada, toma mucha agua y evita fumar y tomar alcohol.<\/span><br><\/p>\t\t\t\t\t<\/div>\n\t\t\t\t\t\t<\/div>\n\t\t\t\t<\/div>\n\t\t\t\t<div class=\"elementor-element elementor-element-9049d9e elementor-widget elementor-widget-image\" data-id=\"9049d9e\" data-element_type=\"widget\" data-widget_type=\"image.default\">\n\t\t\t\t<div class=\"elementor-widget-container\">\n\t\t\t\t\t\t\t\t<div class=\"elementor-image\">\n\t\t\t\t\t\t\t\t\t\t\t\t\t<a href=\"https:\/\/passes.wanderbusecuador.com\/product\/jacamar-pass-quito-to-banos\">\n\t\t\t\t\t\t\t<img loading=\"lazy\" decoding=\"async\" width=\"800\" height=\"400\" src=\"https:\/\/wanderbusecuador.com\/es\/wp-content\/uploads\/2021\/03\/cotopaxi.jpg\" class=\"attachment-large size-large\" alt=\"Explore Cotopaxi\" srcset=\"https:\/\/wanderbusecuador.com\/es\/wp-content\/uploads\/2021\/03\/cotopaxi.jpg 800w, https:\/\/wanderbusecuador.com\/es\/wp-content\/uploads\/2021\/03\/cotopaxi-300x150.jpg 300w, https:\/\/wanderbusecuador.com\/es\/wp-content\/uploads\/2021\/03\/cotopaxi-768x384.jpg 768w\" sizes=\"auto, (max-width: 800px) 100vw, 800px\" \/>\t\t\t\t\t\t\t\t<\/a>\n\t\t\t\t\t\t\t\t\t\t\t\t\t\t<\/div>\n\t\t\t\t\t\t<\/div>\n\t\t\t\t<\/div>\n\t\t\t\t\t\t<\/div>\n\t\t\t\t\t<\/div>\n\t\t<\/div>\n\t\t\t\t\t\t\t\t<\/div>\n\t\t\t\t\t<\/div>\n\t\t<\/section>\n\t\t\t\t\t\t<\/div>\n\t\t\t\t\t<\/div>\n\t\t<\/div>\n\t\t\t\t<div class=\"elementor-column elementor-col-25 elementor-top-column elementor-element elementor-element-0de8cac\" data-id=\"0de8cac\" data-element_type=\"column\">\n\t\t\t<div class=\"elementor-column-wrap\">\n\t\t\t\t\t\t\t<div class=\"elementor-widget-wrap\">\n\t\t\t\t\t\t\t\t<\/div>\n\t\t\t\t\t<\/div>\n\t\t<\/div>\n\t\t\t\t\t\t\t\t<\/div>\n\t\t\t\t\t<\/div>\n\t\t<\/section>\n\t\t\t\t\t\t\t\t\t<\/div>\n\t\t\t<\/div>\n\t\t\t\t\t<\/div>\n\t\t","protected":false},"excerpt":{"rendered":"<p>Wander Cotopaxi Una maravilla para contemplar de cerca \u00bfPor qu\u00e9 visitar Cotopaxi? Un gigante que se puede ver desde varias provincias ecuatorianas en la Sierra, este nevado es verdaderamente una maravilla tanto de lejos como de cerca. Rodeado por el Parque Nacional Cotopaxi, el volc\u00e1n activo de 5.897 metros de altura, que se reactiv\u00f3 en &hellip;<\/p>\n<p class=\"read-more\"> <a class=\"\" href=\"https:\/\/wanderbusecuador.com\/es\/cotopaxi\/\"> <span class=\"screen-reader-text\">Cotopaxi<\/span> Read More \u00bb<\/a><\/p>\n","protected":false},"author":1,"featured_media":0,"parent":0,"menu_order":0,"comment_status":"closed","ping_status":"closed","template":"","meta":{"content-type":"","_uag_custom_page_level_css":"","site-sidebar-layout":"no-sidebar","site-content-layout":"page-builder","ast-global-header-display":"","ast-main-header-display":"","ast-hfb-above-header-display":"","ast-hfb-below-header-display":"","ast-hfb-mobile-header-display":"","site-post-title":"disabled","ast-breadcrumbs-content":"","ast-featured-img":"disabled","footer-sml-layout":"","theme-transparent-header-meta":"enabled","adv-header-id-meta":"","stick-header-meta":"","header-above-stick-meta":"","header-main-stick-meta":"","header-below-stick-meta":"","footnotes":""},"class_list":["post-809","page","type-page","status-publish","hentry"],"yoast_head":"<!-- This site is optimized with the Yoast SEO plugin v26.2 - https:\/\/yoast.com\/wordpress\/plugins\/seo\/ -->\n<title>Cotopaxi \u2014 Explora la Belleza de un Volc\u00e1n Activo<\/title>\n<meta name=\"description\" content=\"Conquista el Cotopaxi: un volc\u00e1n que ofrece experiencias \u00fanicas en camping, escalada y avistamiento de aves en Ecuador.\" \/>\n<meta name=\"robots\" content=\"index, follow, max-snippet:-1, max-image-preview:large, max-video-preview:-1\" \/>\n<link rel=\"canonical\" href=\"https:\/\/wanderbusecuador.com\/es\/cotopaxi\/\" \/>\n<meta property=\"og:locale\" content=\"es_ES\" \/>\n<meta property=\"og:type\" content=\"article\" \/>\n<meta property=\"og:title\" content=\"Cotopaxi \u2014 Explora la Belleza de un Volc\u00e1n Activo\" \/>\n<meta property=\"og:description\" content=\"Conquista el Cotopaxi: un volc\u00e1n que ofrece experiencias \u00fanicas en camping, escalada y avistamiento de aves en Ecuador.\" \/>\n<meta property=\"og:url\" content=\"https:\/\/wanderbusecuador.com\/es\/cotopaxi\/\" \/>\n<meta property=\"og:site_name\" content=\"Wanderbus Ecuador\" \/>\n<meta property=\"article:publisher\" content=\"https:\/\/www.facebook.com\/wanderbusecuador\" \/>\n<meta property=\"article:modified_time\" content=\"2025-11-10T21:27:03+00:00\" \/>\n<meta property=\"og:image\" content=\"http:\/\/thewanderbusecuador.com\/es\/wp-content\/uploads\/2021\/03\/cotopaxi.jpg\" \/>\n<meta name=\"twitter:card\" content=\"summary_large_image\" \/>\n<meta name=\"twitter:label1\" content=\"Tiempo de lectura\" \/>\n\t<meta name=\"twitter:data1\" content=\"2 minutos\" \/>\n<script type=\"application\/ld+json\" class=\"yoast-schema-graph\">{\"@context\":\"https:\/\/schema.org\",\"@graph\":[{\"@type\":\"WebPage\",\"@id\":\"https:\/\/wanderbusecuador.com\/es\/cotopaxi\/\",\"url\":\"https:\/\/wanderbusecuador.com\/es\/cotopaxi\/\",\"name\":\"Cotopaxi \u2014 Explora la Belleza de un Volc\u00e1n Activo\",\"isPartOf\":{\"@id\":\"https:\/\/wanderbusecuador.com\/es\/#website\"},\"primaryImageOfPage\":{\"@id\":\"https:\/\/wanderbusecuador.com\/es\/cotopaxi\/#primaryimage\"},\"image\":{\"@id\":\"https:\/\/wanderbusecuador.com\/es\/cotopaxi\/#primaryimage\"},\"thumbnailUrl\":\"http:\/\/thewanderbusecuador.com\/es\/wp-content\/uploads\/2021\/03\/cotopaxi.jpg\",\"datePublished\":\"2021-03-24T21:07:38+00:00\",\"dateModified\":\"2025-11-10T21:27:03+00:00\",\"description\":\"Conquista el Cotopaxi: un volc\u00e1n que ofrece experiencias \u00fanicas en camping, escalada y avistamiento de aves en Ecuador.\",\"breadcrumb\":{\"@id\":\"https:\/\/wanderbusecuador.com\/es\/cotopaxi\/#breadcrumb\"},\"inLanguage\":\"es\",\"potentialAction\":[{\"@type\":\"ReadAction\",\"target\":[\"https:\/\/wanderbusecuador.com\/es\/cotopaxi\/\"]}]},{\"@type\":\"ImageObject\",\"inLanguage\":\"es\",\"@id\":\"https:\/\/wanderbusecuador.com\/es\/cotopaxi\/#primaryimage\",\"url\":\"http:\/\/thewanderbusecuador.com\/es\/wp-content\/uploads\/2021\/03\/cotopaxi.jpg\",\"contentUrl\":\"http:\/\/thewanderbusecuador.com\/es\/wp-content\/uploads\/2021\/03\/cotopaxi.jpg\"},{\"@type\":\"BreadcrumbList\",\"@id\":\"https:\/\/wanderbusecuador.com\/es\/cotopaxi\/#breadcrumb\",\"itemListElement\":[{\"@type\":\"ListItem\",\"position\":1,\"name\":\"Incio\",\"item\":\"https:\/\/wanderbusecuador.com\/es\/\"},{\"@type\":\"ListItem\",\"position\":2,\"name\":\"Cotopaxi\"}]},{\"@type\":\"WebSite\",\"@id\":\"https:\/\/wanderbusecuador.com\/es\/#website\",\"url\":\"https:\/\/wanderbusecuador.com\/es\/\",\"name\":\"Wanderbus Ecuador\",\"description\":\"Ecuador Flexible Tours: Go where no one else goes\",\"publisher\":{\"@id\":\"https:\/\/wanderbusecuador.com\/es\/#organization\"},\"potentialAction\":[{\"@type\":\"SearchAction\",\"target\":{\"@type\":\"EntryPoint\",\"urlTemplate\":\"https:\/\/wanderbusecuador.com\/es\/?s={search_term_string}\"},\"query-input\":{\"@type\":\"PropertyValueSpecification\",\"valueRequired\":true,\"valueName\":\"search_term_string\"}}],\"inLanguage\":\"es\"},{\"@type\":\"Organization\",\"@id\":\"https:\/\/wanderbusecuador.com\/es\/#organization\",\"name\":\"Wanderbus Ecuador\",\"url\":\"https:\/\/wanderbusecuador.com\/es\/\",\"logo\":{\"@type\":\"ImageObject\",\"inLanguage\":\"es\",\"@id\":\"https:\/\/wanderbusecuador.com\/es\/#\/schema\/logo\/image\/\",\"url\":\"https:\/\/wanderbusecuador.com\/es\/wp-content\/uploads\/2021\/07\/logo-wb-red.svg\",\"contentUrl\":\"https:\/\/wanderbusecuador.com\/es\/wp-content\/uploads\/2021\/07\/logo-wb-red.svg\",\"caption\":\"Wanderbus Ecuador\"},\"image\":{\"@id\":\"https:\/\/wanderbusecuador.com\/es\/#\/schema\/logo\/image\/\"},\"sameAs\":[\"https:\/\/www.facebook.com\/wanderbusecuador\",\"https:\/\/www.instagram.com\/wanderbusecuador\/?igsh=MWhlcXI2dW9kNGZtbw\"]}]}<\/script>\n<!-- \/ Yoast SEO plugin. -->","yoast_head_json":{"title":"Cotopaxi \u2014 Explora la Belleza de un Volc\u00e1n Activo","description":"Conquista el Cotopaxi: un volc\u00e1n que ofrece experiencias \u00fanicas en camping, escalada y avistamiento de aves en Ecuador.","robots":{"index":"index","follow":"follow","max-snippet":"max-snippet:-1","max-image-preview":"max-image-preview:large","max-video-preview":"max-video-preview:-1"},"canonical":"https:\/\/wanderbusecuador.com\/es\/cotopaxi\/","og_locale":"es_ES","og_type":"article","og_title":"Cotopaxi \u2014 Explora la Belleza de un Volc\u00e1n Activo","og_description":"Conquista el Cotopaxi: un volc\u00e1n que ofrece experiencias \u00fanicas en camping, escalada y avistamiento de aves en Ecuador.","og_url":"https:\/\/wanderbusecuador.com\/es\/cotopaxi\/","og_site_name":"Wanderbus Ecuador","article_publisher":"https:\/\/www.facebook.com\/wanderbusecuador","article_modified_time":"2025-11-10T21:27:03+00:00","og_image":[{"url":"http:\/\/thewanderbusecuador.com\/es\/wp-content\/uploads\/2021\/03\/cotopaxi.jpg","type":"","width":"","height":""}],"twitter_card":"summary_large_image","twitter_misc":{"Tiempo de lectura":"2 minutos"},"schema":{"@context":"https:\/\/schema.org","@graph":[{"@type":"WebPage","@id":"https:\/\/wanderbusecuador.com\/es\/cotopaxi\/","url":"https:\/\/wanderbusecuador.com\/es\/cotopaxi\/","name":"Cotopaxi \u2014 Explora la Belleza de un Volc\u00e1n Activo","isPartOf":{"@id":"https:\/\/wanderbusecuador.com\/es\/#website"},"primaryImageOfPage":{"@id":"https:\/\/wanderbusecuador.com\/es\/cotopaxi\/#primaryimage"},"image":{"@id":"https:\/\/wanderbusecuador.com\/es\/cotopaxi\/#primaryimage"},"thumbnailUrl":"http:\/\/thewanderbusecuador.com\/es\/wp-content\/uploads\/2021\/03\/cotopaxi.jpg","datePublished":"2021-03-24T21:07:38+00:00","dateModified":"2025-11-10T21:27:03+00:00","description":"Conquista el Cotopaxi: un volc\u00e1n que ofrece experiencias \u00fanicas en camping, escalada y avistamiento de aves en Ecuador.","breadcrumb":{"@id":"https:\/\/wanderbusecuador.com\/es\/cotopaxi\/#breadcrumb"},"inLanguage":"es","potentialAction":[{"@type":"ReadAction","target":["https:\/\/wanderbusecuador.com\/es\/cotopaxi\/"]}]},{"@type":"ImageObject","inLanguage":"es","@id":"https:\/\/wanderbusecuador.com\/es\/cotopaxi\/#primaryimage","url":"http:\/\/thewanderbusecuador.com\/es\/wp-content\/uploads\/2021\/03\/cotopaxi.jpg","contentUrl":"http:\/\/thewanderbusecuador.com\/es\/wp-content\/uploads\/2021\/03\/cotopaxi.jpg"},{"@type":"BreadcrumbList","@id":"https:\/\/wanderbusecuador.com\/es\/cotopaxi\/#breadcrumb","itemListElement":[{"@type":"ListItem","position":1,"name":"Incio","item":"https:\/\/wanderbusecuador.com\/es\/"},{"@type":"ListItem","position":2,"name":"Cotopaxi"}]},{"@type":"WebSite","@id":"https:\/\/wanderbusecuador.com\/es\/#website","url":"https:\/\/wanderbusecuador.com\/es\/","name":"Wanderbus Ecuador","description":"Ecuador Flexible Tours: Go where no one else goes","publisher":{"@id":"https:\/\/wanderbusecuador.com\/es\/#organization"},"potentialAction":[{"@type":"SearchAction","target":{"@type":"EntryPoint","urlTemplate":"https:\/\/wanderbusecuador.com\/es\/?s={search_term_string}"},"query-input":{"@type":"PropertyValueSpecification","valueRequired":true,"valueName":"search_term_string"}}],"inLanguage":"es"},{"@type":"Organization","@id":"https:\/\/wanderbusecuador.com\/es\/#organization","name":"Wanderbus Ecuador","url":"https:\/\/wanderbusecuador.com\/es\/","logo":{"@type":"ImageObject","inLanguage":"es","@id":"https:\/\/wanderbusecuador.com\/es\/#\/schema\/logo\/image\/","url":"https:\/\/wanderbusecuador.com\/es\/wp-content\/uploads\/2021\/07\/logo-wb-red.svg","contentUrl":"https:\/\/wanderbusecuador.com\/es\/wp-content\/uploads\/2021\/07\/logo-wb-red.svg","caption":"Wanderbus Ecuador"},"image":{"@id":"https:\/\/wanderbusecuador.com\/es\/#\/schema\/logo\/image\/"},"sameAs":["https:\/\/www.facebook.com\/wanderbusecuador","https:\/\/www.instagram.com\/wanderbusecuador\/?igsh=MWhlcXI2dW9kNGZtbw"]}]}},"uagb_featured_image_src":{"full":false,"thumbnail":false,"medium":false,"medium_large":false,"large":false,"1536x1536":false,"2048x2048":false},"uagb_author_info":{"display_name":"wanderbus_9426","author_link":"https:\/\/wanderbusecuador.com\/es\/author\/wanderbus_9426\/"},"uagb_comment_info":0,"uagb_excerpt":"Wander Cotopaxi Una maravilla para contemplar de cerca \u00bfPor qu\u00e9 visitar Cotopaxi? Un gigante que se puede ver desde varias provincias ecuatorianas en la Sierra, este nevado es verdaderamente una maravilla tanto de lejos como de cerca. Rodeado por el Parque Nacional Cotopaxi, el volc\u00e1n activo de 5.897 metros de altura, que se reactiv\u00f3 en&hellip;","_links":{"self":[{"href":"https:\/\/wanderbusecuador.com\/es\/wp-json\/wp\/v2\/pages\/809","targetHints":{"allow":["GET"]}}],"collection":[{"href":"https:\/\/wanderbusecuador.com\/es\/wp-json\/wp\/v2\/pages"}],"about":[{"href":"https:\/\/wanderbusecuador.com\/es\/wp-json\/wp\/v2\/types\/page"}],"author":[{"embeddable":true,"href":"https:\/\/wanderbusecuador.com\/es\/wp-json\/wp\/v2\/users\/1"}],"replies":[{"embeddable":true,"href":"https:\/\/wanderbusecuador.com\/es\/wp-json\/wp\/v2\/comments?post=809"}],"version-history":[{"count":10,"href":"https:\/\/wanderbusecuador.com\/es\/wp-json\/wp\/v2\/pages\/809\/revisions"}],"predecessor-version":[{"id":22991,"href":"https:\/\/wanderbusecuador.com\/es\/wp-json\/wp\/v2\/pages\/809\/revisions\/22991"}],"wp:attachment":[{"href":"https:\/\/wanderbusecuador.com\/es\/wp-json\/wp\/v2\/media?parent=809"}],"curies":[{"name":"wp","href":"https:\/\/api.w.org\/{rel}","templated":true}]}}