{"id":870,"date":"2021-03-24T21:18:17","date_gmt":"2021-03-25T02:18:17","guid":{"rendered":"https:\/\/www.wanderbusecuador.com\/?page_id=870"},"modified":"2026-01-15T16:52:23","modified_gmt":"2026-01-15T21:52:23","slug":"viajando-en-familia","status":"publish","type":"page","link":"https:\/\/wanderbusecuador.com\/es\/viajando-en-familia\/","title":{"rendered":"Viajando en Familia"},"content":{"rendered":"\t\t<div data-elementor-type=\"wp-page\" data-elementor-id=\"870\" class=\"elementor elementor-870\">\n\t\t\t\t\t\t<div class=\"elementor-inner\">\n\t\t\t\t<div class=\"elementor-section-wrap\">\n\t\t\t\t\t\t\t\t\t<section class=\"elementor-section elementor-top-section elementor-element elementor-element-c50838b elementor-section-height-full elementor-section-boxed elementor-section-height-default elementor-section-items-middle\" data-id=\"c50838b\" data-element_type=\"section\" data-settings=\"{&quot;background_background&quot;:&quot;classic&quot;}\">\n\t\t\t\t\t\t\t<div class=\"elementor-background-overlay\"><\/div>\n\t\t\t\t\t\t\t<div class=\"elementor-container elementor-column-gap-default\">\n\t\t\t\t\t\t\t<div class=\"elementor-row\">\n\t\t\t\t\t<div class=\"elementor-column elementor-col-33 elementor-top-column elementor-element elementor-element-2f84d6d\" data-id=\"2f84d6d\" data-element_type=\"column\">\n\t\t\t<div class=\"elementor-column-wrap\">\n\t\t\t\t\t\t\t<div class=\"elementor-widget-wrap\">\n\t\t\t\t\t\t\t\t<\/div>\n\t\t\t\t\t<\/div>\n\t\t<\/div>\n\t\t\t\t<div class=\"elementor-column elementor-col-33 elementor-top-column elementor-element elementor-element-55b0429\" data-id=\"55b0429\" data-element_type=\"column\">\n\t\t\t<div class=\"elementor-column-wrap elementor-element-populated\">\n\t\t\t\t\t\t\t<div class=\"elementor-widget-wrap\">\n\t\t\t\t\t\t<div class=\"elementor-element elementor-element-453e782 elementor-widget elementor-widget-heading\" data-id=\"453e782\" data-element_type=\"widget\" data-widget_type=\"heading.default\">\n\t\t\t\t<div class=\"elementor-widget-container\">\n\t\t\t<h1 class=\"elementor-heading-title elementor-size-default\">Viajando en Familia<\/h1>\t\t<\/div>\n\t\t\t\t<\/div>\n\t\t\t\t<div class=\"elementor-element elementor-element-92570e2 elementor-widget-divider--view-line elementor-widget elementor-widget-divider\" data-id=\"92570e2\" data-element_type=\"widget\" data-widget_type=\"divider.default\">\n\t\t\t\t<div class=\"elementor-widget-container\">\n\t\t\t\t\t<div class=\"elementor-divider\">\n\t\t\t<span class=\"elementor-divider-separator\">\n\t\t\t\t\t\t<\/span>\n\t\t<\/div>\n\t\t\t\t<\/div>\n\t\t\t\t<\/div>\n\t\t\t\t<div class=\"elementor-element elementor-element-3428592 elementor-widget elementor-widget-heading\" data-id=\"3428592\" data-element_type=\"widget\" data-widget_type=\"heading.default\">\n\t\t\t\t<div class=\"elementor-widget-container\">\n\t\t\t<h3 class=\"elementor-heading-title elementor-size-default\">Un pa\u00eds lleno de experiencias<\/h3>\t\t<\/div>\n\t\t\t\t<\/div>\n\t\t\t\t\t\t<\/div>\n\t\t\t\t\t<\/div>\n\t\t<\/div>\n\t\t\t\t<div class=\"elementor-column elementor-col-33 elementor-top-column elementor-element elementor-element-79b148e\" data-id=\"79b148e\" data-element_type=\"column\">\n\t\t\t<div class=\"elementor-column-wrap\">\n\t\t\t\t\t\t\t<div class=\"elementor-widget-wrap\">\n\t\t\t\t\t\t\t\t<\/div>\n\t\t\t\t\t<\/div>\n\t\t<\/div>\n\t\t\t\t\t\t\t\t<\/div>\n\t\t\t\t\t<\/div>\n\t\t<\/section>\n\t\t\t\t<section class=\"elementor-section elementor-top-section elementor-element elementor-element-b660a39 elementor-section-boxed elementor-section-height-default elementor-section-height-default\" data-id=\"b660a39\" data-element_type=\"section\" data-settings=\"{&quot;background_background&quot;:&quot;classic&quot;}\">\n\t\t\t\t\t\t<div class=\"elementor-container elementor-column-gap-default\">\n\t\t\t\t\t\t\t<div class=\"elementor-row\">\n\t\t\t\t\t<div class=\"elementor-column elementor-col-25 elementor-top-column elementor-element elementor-element-21ddccc\" data-id=\"21ddccc\" data-element_type=\"column\">\n\t\t\t<div class=\"elementor-column-wrap\">\n\t\t\t\t\t\t\t<div class=\"elementor-widget-wrap\">\n\t\t\t\t\t\t\t\t<\/div>\n\t\t\t\t\t<\/div>\n\t\t<\/div>\n\t\t\t\t<div class=\"elementor-column elementor-col-50 elementor-top-column elementor-element elementor-element-89dc743\" data-id=\"89dc743\" data-element_type=\"column\" data-settings=\"{&quot;background_background&quot;:&quot;classic&quot;}\">\n\t\t\t<div class=\"elementor-column-wrap elementor-element-populated\">\n\t\t\t\t\t\t\t<div class=\"elementor-widget-wrap\">\n\t\t\t\t\t\t<div class=\"elementor-element elementor-element-7ed5c9a elementor-widget elementor-widget-heading\" data-id=\"7ed5c9a\" data-element_type=\"widget\" data-widget_type=\"heading.default\">\n\t\t\t\t<div class=\"elementor-widget-container\">\n\t\t\t<h2 class=\"elementor-heading-title elementor-size-default\">Recorriendo Ecuador en familia<\/h2>\t\t<\/div>\n\t\t\t\t<\/div>\n\t\t\t\t<div class=\"elementor-element elementor-element-5b5357b elementor-widget-divider--view-line elementor-widget elementor-widget-divider\" data-id=\"5b5357b\" data-element_type=\"widget\" data-widget_type=\"divider.default\">\n\t\t\t\t<div class=\"elementor-widget-container\">\n\t\t\t\t\t<div class=\"elementor-divider\">\n\t\t\t<span class=\"elementor-divider-separator\">\n\t\t\t\t\t\t<\/span>\n\t\t<\/div>\n\t\t\t\t<\/div>\n\t\t\t\t<\/div>\n\t\t\t\t<div class=\"elementor-element elementor-element-ff23452 elementor-widget elementor-widget-text-editor\" data-id=\"ff23452\" data-element_type=\"widget\" data-widget_type=\"text-editor.default\">\n\t\t\t\t<div class=\"elementor-widget-container\">\n\t\t\t\t\t\t\t\t<div class=\"elementor-text-editor elementor-clearfix\">\n\t\t\t\t<p><span style=\"font-size: 16px; font-style: normal; font-weight: 400;\">\u00a1Este maravilloso pa\u00eds es el lugar perfecto para las vacaciones familiares! Asombrosamente diverso, Ecuador est\u00e1 lleno de nuevas experiencias para que disfruten todos los miembros de la familia: ya sea un nuevo idioma (o idiomas), nuevos sabores, culturas, naturaleza, y personas. Dise\u00f1amos Wanderbus para ayudar a los viajeros de todas las edades, ya sean ocho u ochenta, a aprovechar al m\u00e1ximo sus preciosas vacaciones, mientras exploran de manera segura y flexible. \u00a1Y creemos que somos una gran soluci\u00f3n para las familias que viajan!<\/span><\/p>\t\t\t\t\t<\/div>\n\t\t\t\t\t\t<\/div>\n\t\t\t\t<\/div>\n\t\t\t\t<div class=\"elementor-element elementor-element-34560fc elementor-widget elementor-widget-heading\" data-id=\"34560fc\" data-element_type=\"widget\" data-widget_type=\"heading.default\">\n\t\t\t\t<div class=\"elementor-widget-container\">\n\t\t\t<h2 class=\"elementor-heading-title elementor-size-default\">Ahorro familiar<\/h2>\t\t<\/div>\n\t\t\t\t<\/div>\n\t\t\t\t<div class=\"elementor-element elementor-element-caf0087 elementor-widget-divider--view-line elementor-widget elementor-widget-divider\" data-id=\"caf0087\" data-element_type=\"widget\" data-widget_type=\"divider.default\">\n\t\t\t\t<div class=\"elementor-widget-container\">\n\t\t\t\t\t<div class=\"elementor-divider\">\n\t\t\t<span class=\"elementor-divider-separator\">\n\t\t\t\t\t\t<\/span>\n\t\t<\/div>\n\t\t\t\t<\/div>\n\t\t\t\t<\/div>\n\t\t\t\t<section class=\"elementor-section elementor-inner-section elementor-element elementor-element-89cecc7 elementor-section-boxed elementor-section-height-default elementor-section-height-default\" data-id=\"89cecc7\" data-element_type=\"section\">\n\t\t\t\t\t\t<div class=\"elementor-container elementor-column-gap-default\">\n\t\t\t\t\t\t\t<div class=\"elementor-row\">\n\t\t\t\t\t<div class=\"elementor-column elementor-col-100 elementor-inner-column elementor-element elementor-element-f645ded\" data-id=\"f645ded\" data-element_type=\"column\">\n\t\t\t<div class=\"elementor-column-wrap elementor-element-populated\">\n\t\t\t\t\t\t\t<div class=\"elementor-widget-wrap\">\n\t\t\t\t\t\t<div class=\"elementor-element elementor-element-da4185d elementor-widget elementor-widget-text-editor\" data-id=\"da4185d\" data-element_type=\"widget\" data-widget_type=\"text-editor.default\">\n\t\t\t\t<div class=\"elementor-widget-container\">\n\t\t\t\t\t\t\t\t<div class=\"elementor-text-editor elementor-clearfix\">\n\t\t\t\t<p><span style=\"font-size: 16px; font-style: normal; font-weight: 400;\">Si hay 5 o m\u00e1s de ustedes viajando juntos, cont\u00e1ctanos para un descuento grupal. Si viajan con ni\u00f1os menores de 12 a\u00f1os, recibir\u00e1n un descuento del 30% en el pase para adultos a precio completo.<\/span><\/p><p><span style=\"font-size: 16px; font-style: normal; font-weight: 400;\">Si necesitas ayuda para encontrar un alojamiento familiar, cont\u00e1ctanos en info@wanderbusecuador.com y te enviaremos una lista o algunas sugerencias personalizadas seg\u00fan sus preferencias.<\/span><\/p>\t\t\t\t\t<\/div>\n\t\t\t\t\t\t<\/div>\n\t\t\t\t<\/div>\n\t\t\t\t<div class=\"elementor-element elementor-element-d267ba8 elementor-widget elementor-widget-text-editor\" data-id=\"d267ba8\" data-element_type=\"widget\" data-widget_type=\"text-editor.default\">\n\t\t\t\t<div class=\"elementor-widget-container\">\n\t\t\t\t\t\t\t\t<div class=\"elementor-text-editor elementor-clearfix\">\n\t\t\t\t<h3>Seguridad antes que nada<\/h3><p><span style=\"font-size: 16px; font-style: normal; font-weight: 400;\">Desafortunadamente, el transporte p\u00fablico en Ecuador no tiene los mejores registros de seguridad. Wanderbus es una opci\u00f3n segura para viajar a destinos imperdibles, as\u00ed como a lugares fuera de lo com\u00fan.<\/span><\/p><ul><li style=\"font-size: 16px;\">Todos nuestros veh\u00edculos son nuevos, mantenidos regularmente, conducidos por profesionales experimentados.<\/li><li style=\"font-size: 16px;\">Nuestros gu\u00edas expertos estar\u00e1n con ustedes durante todo el viaje, por lo que nunca estar\u00e1n solo cuando se trasladen a sus destinos.<\/li><li style=\"font-size: 16px;\">No hacemos paradas no planificadas y sabemos exactamente qui\u00e9n est\u00e1 en el autob\u00fas y cu\u00e1ndo.<\/li><li style=\"font-size: 16px;\">Viajamos con un botiqu\u00edn de primeros auxilios y todos nuestros gu\u00edas est\u00e1n capacitados en primeros auxilios.<\/li><\/ul>\t\t\t\t\t<\/div>\n\t\t\t\t\t\t<\/div>\n\t\t\t\t<\/div>\n\t\t\t\t<div class=\"elementor-element elementor-element-0f4e355 elementor-widget elementor-widget-text-editor\" data-id=\"0f4e355\" data-element_type=\"widget\" data-widget_type=\"text-editor.default\">\n\t\t\t\t<div class=\"elementor-widget-container\">\n\t\t\t\t\t\t\t\t<div class=\"elementor-text-editor elementor-clearfix\">\n\t\t\t\t<h3>Actividades para ni\u00f1os<\/h3><p><span style=\"font-size: 16px; font-style: normal; font-weight: 400;\">Los fundadores del Wanderbus han trabajado en turismo durante muchos a\u00f1os, viajando a lo largo y ancho del pa\u00eds. As\u00ed que creamos rutas estimulantes, enriquecedoras y divertidos para los viajeros internacionales. Algunos de nosotros tambi\u00e9n somos padres, as\u00ed que tambi\u00e9n tomamos en cuenta a las familias.<\/span><\/p><p><span style=\"font-size: 16px; font-style: normal; font-weight: 400;\">Estas son solo algunas de las cosas que les encantar\u00e1n:<\/span><\/p><ul><li style=\"font-size: 16px;\">Caminen por el borde de un volc\u00e1n y contemplen el hermoso lago Quilotoa. Pueden pasar la noche aqu\u00ed y dar un paseo en bote.<\/li><li style=\"font-size: 16px;\">Prueben el helado tradicional ecuatoriano en el camino de Quito a Ba\u00f1os, hecho de frutas locales frescas, por lo que tambi\u00e9n es bueno para los ni\u00f1os\u00a0<img decoding=\"async\" class=\"emoji\" role=\"img\" draggable=\"false\" src=\"https:\/\/s.w.org\/images\/core\/emoji\/14.0.0\/svg\/1f609.svg\" alt=\"\ud83d\ude09\" \/><\/li><li style=\"font-size: 16px;\">\u00a1Hagan chocolate! Aprender\u00e1n c\u00f3mo recoger la fruta adecuada, secar las semillas y luego molerlas y tostarlas todas ellas solas.<\/li><li style=\"font-size: 16px;\">Aprendan algo de espa\u00f1ol y kichwa (el idioma de los incas, que todav\u00eda se habla en muchas comunidades rurales) con nuestros gu\u00edas.<\/li><li style=\"font-size: 16px;\">Vuelen en el columpio del Fin del Mundo en Ba\u00f1os.<\/li><\/ul>\t\t\t\t\t<\/div>\n\t\t\t\t\t\t<\/div>\n\t\t\t\t<\/div>\n\t\t\t\t<div class=\"elementor-element elementor-element-45509ce elementor-widget elementor-widget-text-editor\" data-id=\"45509ce\" data-element_type=\"widget\" data-widget_type=\"text-editor.default\">\n\t\t\t\t<div class=\"elementor-widget-container\">\n\t\t\t\t\t\t\t\t<div class=\"elementor-text-editor elementor-clearfix\">\n\t\t\t\t<h3>Flexibilidad incorporada<\/h3><p><span style=\"font-size: 16px; font-style: normal; font-weight: 400;\">Si\u00e9ntate y rel\u00e1jate mientras toda la familia disfruta de sus vacaciones.<\/span><\/p><ul><li style=\"font-size: 16px;\">Tenemos juegos y curiosidades para ni\u00f1os en cada ruta para que no se aburran.<\/li><li style=\"font-size: 16px;\">Aprender\u00e1n mucho sobre Ecuador: la cultura, la comida y otros datos divertidos. \u00a1Ser\u00e1n expertos para cuando se acabe el viaje!<\/li><li style=\"font-size: 16px;\">A nuestros gu\u00edas les encanta tener ni\u00f1os en el autob\u00fas, \u00a1y les encanta especialmente cuando hacen muchas preguntas sobre todo lo relacionado con Ecuador!<\/li><li style=\"font-size: 16px;\">Tenemos bocadillos gratis (\u00a1incluso barras de chocolate Pacari!) y agua en todos los autobuses, por lo que nadie tendr\u00e1 hambre ni sed durante su viaje.<\/li><\/ul>\t\t\t\t\t<\/div>\n\t\t\t\t\t\t<\/div>\n\t\t\t\t<\/div>\n\t\t\t\t<div class=\"elementor-element elementor-element-9935a0f elementor-widget elementor-widget-html\" data-id=\"9935a0f\" data-element_type=\"widget\" data-widget_type=\"html.default\">\n\t\t\t\t<div class=\"elementor-widget-container\">\n\t\t\t<style>.embed-container { position: relative; padding-bottom: 56.25%; height: 0; overflow: hidden; max-width: 100%; } .embed-container iframe, .embed-container object, .embed-container embed { position: absolute; top: 0; left: 0; width: 100%; height: 100%; }<\/style><div class='embed-container'><iframe loading=\"lazy\" src=\"https:\/\/spark.adobe.com\/video\/wvZcXVqXbl7wU\/embed\" width=\"1280\" height=\"720\" frameborder=\"0\" webkitallowfullscreen mozallowfullscreen allowfullscreen><\/iframe><\/div>\n\t\t<\/div>\n\t\t\t\t<\/div>\n\t\t\t\t\t\t<\/div>\n\t\t\t\t\t<\/div>\n\t\t<\/div>\n\t\t\t\t\t\t\t\t<\/div>\n\t\t\t\t\t<\/div>\n\t\t<\/section>\n\t\t\t\t\t\t<\/div>\n\t\t\t\t\t<\/div>\n\t\t<\/div>\n\t\t\t\t<div class=\"elementor-column elementor-col-25 elementor-top-column elementor-element elementor-element-0de8cac\" data-id=\"0de8cac\" data-element_type=\"column\">\n\t\t\t<div class=\"elementor-column-wrap\">\n\t\t\t\t\t\t\t<div class=\"elementor-widget-wrap\">\n\t\t\t\t\t\t\t\t<\/div>\n\t\t\t\t\t<\/div>\n\t\t<\/div>\n\t\t\t\t\t\t\t\t<\/div>\n\t\t\t\t\t<\/div>\n\t\t<\/section>\n\t\t\t\t\t\t\t\t\t<\/div>\n\t\t\t<\/div>\n\t\t\t\t\t<\/div>\n\t\t","protected":false},"excerpt":{"rendered":"<p>Viajando en Familia Un pa\u00eds lleno de experiencias Recorriendo Ecuador en familia \u00a1Este maravilloso pa\u00eds es el lugar perfecto para las vacaciones familiares! Asombrosamente diverso, Ecuador est\u00e1 lleno de nuevas experiencias para que disfruten todos los miembros de la familia: ya sea un nuevo idioma (o idiomas), nuevos sabores, culturas, naturaleza, y personas. Dise\u00f1amos Wanderbus &hellip;<\/p>\n<p class=\"read-more\"> <a class=\"\" href=\"https:\/\/wanderbusecuador.com\/es\/viajando-en-familia\/\"> <span class=\"screen-reader-text\">Viajando en Familia<\/span> Read More \u00bb<\/a><\/p>\n","protected":false},"author":1,"featured_media":0,"parent":0,"menu_order":0,"comment_status":"closed","ping_status":"closed","template":"","meta":{"content-type":"","_uag_custom_page_level_css":"","site-sidebar-layout":"no-sidebar","site-content-layout":"page-builder","ast-global-header-display":"","ast-main-header-display":"","ast-hfb-above-header-display":"","ast-hfb-below-header-display":"","ast-hfb-mobile-header-display":"","site-post-title":"disabled","ast-breadcrumbs-content":"","ast-featured-img":"disabled","footer-sml-layout":"","theme-transparent-header-meta":"enabled","adv-header-id-meta":"","stick-header-meta":"","header-above-stick-meta":"","header-main-stick-meta":"","header-below-stick-meta":"","footnotes":""},"class_list":["post-870","page","type-page","status-publish","hentry"],"yoast_head":"<!-- This site is optimized with the Yoast SEO plugin v26.2 - https:\/\/yoast.com\/wordpress\/plugins\/seo\/ -->\n<title>Viajando en Familia &#8212; Wanderbus Ecuador<\/title>\n<meta name=\"robots\" content=\"index, follow, max-snippet:-1, max-image-preview:large, max-video-preview:-1\" \/>\n<link rel=\"canonical\" href=\"https:\/\/wanderbusecuador.com\/es\/ecuador-family-vacation\/\" \/>\n<meta property=\"og:locale\" content=\"es_ES\" \/>\n<meta property=\"og:type\" content=\"article\" \/>\n<meta property=\"og:title\" content=\"Viajando en Familia &#8212; Wanderbus Ecuador\" \/>\n<meta property=\"og:description\" content=\"Viajando en Familia Un pa\u00eds lleno de experiencias Recorriendo Ecuador en familia \u00a1Este maravilloso pa\u00eds es el lugar perfecto para las vacaciones familiares! Asombrosamente diverso, Ecuador est\u00e1 lleno de nuevas experiencias para que disfruten todos los miembros de la familia: ya sea un nuevo idioma (o idiomas), nuevos sabores, culturas, naturaleza, y personas. Dise\u00f1amos Wanderbus &hellip; Viajando en Familia Read More \u00bb\" \/>\n<meta property=\"og:url\" content=\"https:\/\/wanderbusecuador.com\/es\/ecuador-family-vacation\/\" \/>\n<meta property=\"og:site_name\" content=\"Wanderbus Ecuador\" \/>\n<meta property=\"article:publisher\" content=\"https:\/\/www.facebook.com\/wanderbusecuador\" \/>\n<meta property=\"article:modified_time\" content=\"2026-01-15T21:52:23+00:00\" \/>\n<meta property=\"og:image\" content=\"https:\/\/s.w.org\/images\/core\/emoji\/14.0.0\/svg\/1f609.svg\" \/>\n<meta name=\"twitter:card\" content=\"summary_large_image\" \/>\n<meta name=\"twitter:label1\" content=\"Tiempo de lectura\" \/>\n\t<meta name=\"twitter:data1\" content=\"3 minutos\" \/>\n<script type=\"application\/ld+json\" class=\"yoast-schema-graph\">{\"@context\":\"https:\/\/schema.org\",\"@graph\":[{\"@type\":\"WebPage\",\"@id\":\"https:\/\/wanderbusecuador.com\/es\/ecuador-family-vacation\/\",\"url\":\"https:\/\/wanderbusecuador.com\/es\/ecuador-family-vacation\/\",\"name\":\"Viajando en Familia &#8212; Wanderbus Ecuador\",\"isPartOf\":{\"@id\":\"https:\/\/wanderbusecuador.com\/es\/#website\"},\"primaryImageOfPage\":{\"@id\":\"https:\/\/wanderbusecuador.com\/es\/ecuador-family-vacation\/#primaryimage\"},\"image\":{\"@id\":\"https:\/\/wanderbusecuador.com\/es\/ecuador-family-vacation\/#primaryimage\"},\"thumbnailUrl\":\"https:\/\/s.w.org\/images\/core\/emoji\/14.0.0\/svg\/1f609.svg\",\"datePublished\":\"2021-03-25T02:18:17+00:00\",\"dateModified\":\"2026-01-15T21:52:23+00:00\",\"breadcrumb\":{\"@id\":\"https:\/\/wanderbusecuador.com\/es\/ecuador-family-vacation\/#breadcrumb\"},\"inLanguage\":\"es\",\"potentialAction\":[{\"@type\":\"ReadAction\",\"target\":[\"https:\/\/wanderbusecuador.com\/es\/ecuador-family-vacation\/\"]}]},{\"@type\":\"ImageObject\",\"inLanguage\":\"es\",\"@id\":\"https:\/\/wanderbusecuador.com\/es\/ecuador-family-vacation\/#primaryimage\",\"url\":\"https:\/\/s.w.org\/images\/core\/emoji\/14.0.0\/svg\/1f609.svg\",\"contentUrl\":\"https:\/\/s.w.org\/images\/core\/emoji\/14.0.0\/svg\/1f609.svg\"},{\"@type\":\"BreadcrumbList\",\"@id\":\"https:\/\/wanderbusecuador.com\/es\/ecuador-family-vacation\/#breadcrumb\",\"itemListElement\":[{\"@type\":\"ListItem\",\"position\":1,\"name\":\"Incio\",\"item\":\"https:\/\/wanderbusecuador.com\/es\/\"},{\"@type\":\"ListItem\",\"position\":2,\"name\":\"Ecuador Family Vacation\"}]},{\"@type\":\"WebSite\",\"@id\":\"https:\/\/wanderbusecuador.com\/es\/#website\",\"url\":\"https:\/\/wanderbusecuador.com\/es\/\",\"name\":\"Wanderbus Ecuador\",\"description\":\"Ecuador Flexible Tours: Go where no one else goes\",\"publisher\":{\"@id\":\"https:\/\/wanderbusecuador.com\/es\/#organization\"},\"potentialAction\":[{\"@type\":\"SearchAction\",\"target\":{\"@type\":\"EntryPoint\",\"urlTemplate\":\"https:\/\/wanderbusecuador.com\/es\/?s={search_term_string}\"},\"query-input\":{\"@type\":\"PropertyValueSpecification\",\"valueRequired\":true,\"valueName\":\"search_term_string\"}}],\"inLanguage\":\"es\"},{\"@type\":\"Organization\",\"@id\":\"https:\/\/wanderbusecuador.com\/es\/#organization\",\"name\":\"Wanderbus Ecuador\",\"url\":\"https:\/\/wanderbusecuador.com\/es\/\",\"logo\":{\"@type\":\"ImageObject\",\"inLanguage\":\"es\",\"@id\":\"https:\/\/wanderbusecuador.com\/es\/#\/schema\/logo\/image\/\",\"url\":\"https:\/\/wanderbusecuador.com\/es\/wp-content\/uploads\/2021\/07\/logo-wb-red.svg\",\"contentUrl\":\"https:\/\/wanderbusecuador.com\/es\/wp-content\/uploads\/2021\/07\/logo-wb-red.svg\",\"caption\":\"Wanderbus Ecuador\"},\"image\":{\"@id\":\"https:\/\/wanderbusecuador.com\/es\/#\/schema\/logo\/image\/\"},\"sameAs\":[\"https:\/\/www.facebook.com\/wanderbusecuador\",\"https:\/\/www.instagram.com\/wanderbusecuador\/?igsh=MWhlcXI2dW9kNGZtbw\"]}]}<\/script>\n<!-- \/ Yoast SEO plugin. -->","yoast_head_json":{"title":"Viajando en Familia &#8212; Wanderbus Ecuador","robots":{"index":"index","follow":"follow","max-snippet":"max-snippet:-1","max-image-preview":"max-image-preview:large","max-video-preview":"max-video-preview:-1"},"canonical":"https:\/\/wanderbusecuador.com\/es\/ecuador-family-vacation\/","og_locale":"es_ES","og_type":"article","og_title":"Viajando en Familia &#8212; Wanderbus Ecuador","og_description":"Viajando en Familia Un pa\u00eds lleno de experiencias Recorriendo Ecuador en familia \u00a1Este maravilloso pa\u00eds es el lugar perfecto para las vacaciones familiares! Asombrosamente diverso, Ecuador est\u00e1 lleno de nuevas experiencias para que disfruten todos los miembros de la familia: ya sea un nuevo idioma (o idiomas), nuevos sabores, culturas, naturaleza, y personas. Dise\u00f1amos Wanderbus &hellip; Viajando en Familia Read More \u00bb","og_url":"https:\/\/wanderbusecuador.com\/es\/ecuador-family-vacation\/","og_site_name":"Wanderbus Ecuador","article_publisher":"https:\/\/www.facebook.com\/wanderbusecuador","article_modified_time":"2026-01-15T21:52:23+00:00","og_image":[{"url":"https:\/\/s.w.org\/images\/core\/emoji\/14.0.0\/svg\/1f609.svg","type":"","width":"","height":""}],"twitter_card":"summary_large_image","twitter_misc":{"Tiempo de lectura":"3 minutos"},"schema":{"@context":"https:\/\/schema.org","@graph":[{"@type":"WebPage","@id":"https:\/\/wanderbusecuador.com\/es\/ecuador-family-vacation\/","url":"https:\/\/wanderbusecuador.com\/es\/ecuador-family-vacation\/","name":"Viajando en Familia &#8212; Wanderbus Ecuador","isPartOf":{"@id":"https:\/\/wanderbusecuador.com\/es\/#website"},"primaryImageOfPage":{"@id":"https:\/\/wanderbusecuador.com\/es\/ecuador-family-vacation\/#primaryimage"},"image":{"@id":"https:\/\/wanderbusecuador.com\/es\/ecuador-family-vacation\/#primaryimage"},"thumbnailUrl":"https:\/\/s.w.org\/images\/core\/emoji\/14.0.0\/svg\/1f609.svg","datePublished":"2021-03-25T02:18:17+00:00","dateModified":"2026-01-15T21:52:23+00:00","breadcrumb":{"@id":"https:\/\/wanderbusecuador.com\/es\/ecuador-family-vacation\/#breadcrumb"},"inLanguage":"es","potentialAction":[{"@type":"ReadAction","target":["https:\/\/wanderbusecuador.com\/es\/ecuador-family-vacation\/"]}]},{"@type":"ImageObject","inLanguage":"es","@id":"https:\/\/wanderbusecuador.com\/es\/ecuador-family-vacation\/#primaryimage","url":"https:\/\/s.w.org\/images\/core\/emoji\/14.0.0\/svg\/1f609.svg","contentUrl":"https:\/\/s.w.org\/images\/core\/emoji\/14.0.0\/svg\/1f609.svg"},{"@type":"BreadcrumbList","@id":"https:\/\/wanderbusecuador.com\/es\/ecuador-family-vacation\/#breadcrumb","itemListElement":[{"@type":"ListItem","position":1,"name":"Incio","item":"https:\/\/wanderbusecuador.com\/es\/"},{"@type":"ListItem","position":2,"name":"Ecuador Family Vacation"}]},{"@type":"WebSite","@id":"https:\/\/wanderbusecuador.com\/es\/#website","url":"https:\/\/wanderbusecuador.com\/es\/","name":"Wanderbus Ecuador","description":"Ecuador Flexible Tours: Go where no one else goes","publisher":{"@id":"https:\/\/wanderbusecuador.com\/es\/#organization"},"potentialAction":[{"@type":"SearchAction","target":{"@type":"EntryPoint","urlTemplate":"https:\/\/wanderbusecuador.com\/es\/?s={search_term_string}"},"query-input":{"@type":"PropertyValueSpecification","valueRequired":true,"valueName":"search_term_string"}}],"inLanguage":"es"},{"@type":"Organization","@id":"https:\/\/wanderbusecuador.com\/es\/#organization","name":"Wanderbus Ecuador","url":"https:\/\/wanderbusecuador.com\/es\/","logo":{"@type":"ImageObject","inLanguage":"es","@id":"https:\/\/wanderbusecuador.com\/es\/#\/schema\/logo\/image\/","url":"https:\/\/wanderbusecuador.com\/es\/wp-content\/uploads\/2021\/07\/logo-wb-red.svg","contentUrl":"https:\/\/wanderbusecuador.com\/es\/wp-content\/uploads\/2021\/07\/logo-wb-red.svg","caption":"Wanderbus Ecuador"},"image":{"@id":"https:\/\/wanderbusecuador.com\/es\/#\/schema\/logo\/image\/"},"sameAs":["https:\/\/www.facebook.com\/wanderbusecuador","https:\/\/www.instagram.com\/wanderbusecuador\/?igsh=MWhlcXI2dW9kNGZtbw"]}]}},"uagb_featured_image_src":{"full":false,"thumbnail":false,"medium":false,"medium_large":false,"large":false,"1536x1536":false,"2048x2048":false},"uagb_author_info":{"display_name":"wanderbus_9426","author_link":"https:\/\/wanderbusecuador.com\/es\/author\/wanderbus_9426\/"},"uagb_comment_info":0,"uagb_excerpt":"Viajando en Familia Un pa\u00eds lleno de experiencias Recorriendo Ecuador en familia \u00a1Este maravilloso pa\u00eds es el lugar perfecto para las vacaciones familiares! Asombrosamente diverso, Ecuador est\u00e1 lleno de nuevas experiencias para que disfruten todos los miembros de la familia: ya sea un nuevo idioma (o idiomas), nuevos sabores, culturas, naturaleza, y personas. Dise\u00f1amos Wanderbus&hellip;","_links":{"self":[{"href":"https:\/\/wanderbusecuador.com\/es\/wp-json\/wp\/v2\/pages\/870","targetHints":{"allow":["GET"]}}],"collection":[{"href":"https:\/\/wanderbusecuador.com\/es\/wp-json\/wp\/v2\/pages"}],"about":[{"href":"https:\/\/wanderbusecuador.com\/es\/wp-json\/wp\/v2\/types\/page"}],"author":[{"embeddable":true,"href":"https:\/\/wanderbusecuador.com\/es\/wp-json\/wp\/v2\/users\/1"}],"replies":[{"embeddable":true,"href":"https:\/\/wanderbusecuador.com\/es\/wp-json\/wp\/v2\/comments?post=870"}],"version-history":[{"count":20,"href":"https:\/\/wanderbusecuador.com\/es\/wp-json\/wp\/v2\/pages\/870\/revisions"}],"predecessor-version":[{"id":23283,"href":"https:\/\/wanderbusecuador.com\/es\/wp-json\/wp\/v2\/pages\/870\/revisions\/23283"}],"wp:attachment":[{"href":"https:\/\/wanderbusecuador.com\/es\/wp-json\/wp\/v2\/media?parent=870"}],"curies":[{"name":"wp","href":"https:\/\/api.w.org\/{rel}","templated":true}]}}